{"id":7932,"date":"2025-03-28T11:57:21","date_gmt":"2025-03-28T10:57:21","guid":{"rendered":"https:\/\/www.mmmysterygames.com\/?post_type=product&#038;p=7932"},"modified":"2026-04-15T01:06:41","modified_gmt":"2026-04-14T23:06:41","slug":"the-sabotaged-experiment-mystery","status":"publish","type":"product","link":"https:\/\/www.mmmysterygames.com\/hr\/proizvod\/the-sabotaged-experiment-mystery\/","title":{"rendered":"The Sabotaged Experiment Mystery"},"content":{"rendered":"<div data-elementor-type=\"product-post\" data-elementor-id=\"7932\" class=\"elementor elementor-7932\">\n\t\t\t\t\t\t<section class=\"elementor-section elementor-top-section elementor-element elementor-element-3de9921 elementor-section-boxed elementor-section-height-default elementor-section-height-default\" data-id=\"3de9921\" data-element_type=\"section\">\n\t\t\t\t\t\t<div class=\"elementor-container elementor-column-gap-default\">\n\t\t\t\t\t<div class=\"elementor-column elementor-col-100 elementor-top-column elementor-element elementor-element-c9e4d9f\" data-id=\"c9e4d9f\" data-element_type=\"column\">\n\t\t\t<div class=\"elementor-widget-wrap elementor-element-populated\">\n\t\t\t\t\t\t<div class=\"elementor-element elementor-element-967360c elementor-widget elementor-widget-text-editor\" data-id=\"967360c\" data-element_type=\"widget\" data-widget_type=\"text-editor.default\">\n\t\t\t\t<div class=\"elementor-widget-container\">\n\t\t\t\t\t\t\t\t\t<p>This is a clean mystery that does NOT contain adult themes including references to i.e. drinking, drugs, and murder and can be played by both kids and teens. It was written for 11-14 year olds.<\/p><p>The game is played in 4 Rounds. Through the game the players learn new secrets about themselves, the detective reveals some facts from the investigation, players receive new information about other characters\u2019 motives for the theft and finally\u2026 they prepare their accusations.<\/p><p><strong>Sa svakom kupnjom dobivate:<\/strong><\/p><p>\u2013 Game Host Guide<\/p><p>\u2013 Game Rules<\/p><p>\u2013 Character List<\/p><p>\u2013 Nametags<\/p><p>\u2013 Invitation<\/p><p><span style=\"font-size: 1rem;\">\u2013<\/span><span style=\"background-color: transparent;\">\u00a0Accusation form<\/span><\/p><p><span style=\"background-color: transparent;\">\u2013 Detective Script and mp3 audio<\/span><\/p><p><span style=\"background-color: transparent;\">\u2013 Character Cards for each round<\/span><\/p><p><span style=\"background-color: transparent;\">\u00a0<\/span><\/p><p>Svi materijali se printaju na A4 papirima i ne moraju se izrezivati (osim kartica s imenima).<\/p><p>I doma\u0107in mo\u017ee igrati<br \/>Doma\u0107in mo\u017ee igrati neku ulogu, i tko zna, mo\u017eda \u0107e na kraju ba\u0161 on biti osumnji\u010den.<br \/>It is in Round 2 that the Culprit will find out that he\/she is guilty.<\/p><p>The Game is not in script form, the characters are only given the facts to talk about. Only Detective, who gives a speech in each round, has a script but it can also be played since you get an mp3 audio file.<\/p><p><strong>Plan igre<\/strong><\/p><p>Round 1: Mingling (A Detective reveals some initial news about the crime. Players read information about their role and are told to share it with as many other players as possible. They also learn a secret about themselves that they need to keep.)<\/p><p>Round 2: The Motive (The Detective reveals some facts from the investigation. Players receive new information about other characters\u2019 motives for the theft. They can either question the people they suspect, try to uncover other characters\u2019 secrets, or spread gossip. Only the Culprit is allowed to lie; everyone else is instructed to bluster, change the subject, and so on, but always tell the truth.)<\/p><p>Round 3: The Method (The Detective reveals more information from the investigation, while other players receive more facts to share, as in Round 2. At this point, some players should be able to make a sensible guess about the Culprit.)<\/p><p>Round 4: Accusations, Alibis, and a Confession: Players prepare their accusations. The Host keeps track of all the accusations, then calls on anyone with an alibi to share it. This repeats until only one player is left. The Detective makes one final accusation, and the Culprit confesses.<\/p>\t\t\t\t\t\t\t\t<\/div>\n\t\t\t\t<\/div>\n\t\t\t\t\t<\/div>\n\t\t<\/div>\n\t\t\t\t\t<\/div>\n\t\t<\/section>\n\t\t\t\t<section class=\"elementor-section elementor-top-section elementor-element elementor-element-9ff8d57 elementor-section-boxed elementor-section-height-default elementor-section-height-default\" data-id=\"9ff8d57\" data-element_type=\"section\" id=\"packs\">\n\t\t\t\t\t\t<div class=\"elementor-container elementor-column-gap-default\">\n\t\t\t\t\t<div class=\"elementor-column elementor-col-100 elementor-top-column elementor-element elementor-element-fd9535e\" data-id=\"fd9535e\" data-element_type=\"column\">\n\t\t\t<div class=\"elementor-widget-wrap elementor-element-populated\">\n\t\t\t\t\t\t<div class=\"elementor-element elementor-element-0c3b6ed elementor-widget elementor-widget-text-editor\" data-id=\"0c3b6ed\" data-element_type=\"widget\" data-widget_type=\"text-editor.default\">\n\t\t\t\t<div class=\"elementor-widget-container\">\n\t\t\t\t\t\t\t\t\t<h4>DODATNI PAKETI<\/h4>\t\t\t\t\t\t\t\t<\/div>\n\t\t\t\t<\/div>\n\t\t\t\t<div class=\"elementor-element elementor-element-dd55425 elementor-grid-4 elementor-grid-tablet-3 elementor-grid-mobile-2 elementor-products-grid elementor-wc-products elementor-widget elementor-widget-woocommerce-products\" data-id=\"dd55425\" data-element_type=\"widget\" data-widget_type=\"woocommerce-products.default\">\n\t\t\t\t<div class=\"elementor-widget-container\">\n\t\t\t\t\t<div class=\"woocommerce columns-4\"><span class=\"wpfHidden\" data-shortcode-attribute=\"{&quot;limit&quot;:&quot;-1&quot;,&quot;columns&quot;:4,&quot;rows&quot;:4,&quot;orderby&quot;:&quot;&quot;,&quot;order&quot;:&quot;&quot;,&quot;ids&quot;:&quot;&quot;,&quot;skus&quot;:&quot;&quot;,&quot;category&quot;:&quot;&quot;,&quot;cat_operator&quot;:&quot;IN&quot;,&quot;attribute&quot;:&quot;&quot;,&quot;terms&quot;:&quot;&quot;,&quot;terms_operator&quot;:&quot;IN&quot;,&quot;tag&quot;:&quot;&quot;,&quot;tag_operator&quot;:&quot;IN&quot;,&quot;visibility&quot;:&quot;visible&quot;,&quot;class&quot;:&quot;&quot;,&quot;page&quot;:1,&quot;paginate&quot;:&quot;&quot;,&quot;cache&quot;:false}\"><\/span><ul class=\"products elementor-grid columns-4\">\n<li class=\"product type-product post-7948 status-publish first instock product_cat-expansion-packs product_tag-expansion-packs has-post-thumbnail downloadable virtual taxable purchasable product-type-simple\">\n\t<a href=\"https:\/\/www.mmmysterygames.com\/hr\/proizvod\/the-sabotaged-experiment-mystery-first-expansion-pack-5-additional-characters\/\" class=\"woocommerce-LoopProduct-link woocommerce-loop-product__link\"><img fetchpriority=\"high\" decoding=\"async\" width=\"300\" height=\"300\" src=\"https:\/\/www.mmmysterygames.com\/wp-content\/uploads\/2025\/03\/Slide1-2-300x300.jpg\" class=\"attachment-woocommerce_thumbnail size-woocommerce_thumbnail\" alt=\"non murder mystery dinner parties for teens and kids\" srcset=\"https:\/\/www.mmmysterygames.com\/wp-content\/uploads\/2025\/03\/Slide1-2-300x300.jpg 300w, https:\/\/www.mmmysterygames.com\/wp-content\/uploads\/2025\/03\/Slide1-2-150x150.jpg 150w, https:\/\/www.mmmysterygames.com\/wp-content\/uploads\/2025\/03\/Slide1-2-100x100.jpg 100w\" sizes=\"(max-width: 300px) 100vw, 300px\" \/><h2 class=\"woocommerce-loop-product__title\">The Sabotaged Experiment Mystery &#8211; First expansion pack &#8211; 5 additional characters<\/h2>\n\t<span class=\"price\"><span class=\"woocs_price_code\" data-currency=\"\" data-redraw-id=\"69fa90dab359b\"  data-product-id=\"7948\"><span class=\"woocommerce-Price-amount amount\"><bdi>4.50<span class=\"woocommerce-Price-currencySymbol\">&#36;<\/span><\/bdi><\/span><\/span><\/span>\n<\/a><a href=\"\/hr\/wp-json\/wp\/v2\/product\/7932?add-to-cart=7948\" aria-describedby=\"woocommerce_loop_add_to_cart_link_describedby_7948\" data-quantity=\"1\" class=\"button product_type_simple add_to_cart_button ajax_add_to_cart\" data-product_id=\"7948\" data-product_sku=\"NP04E.E11-15\" aria-label=\"Dodaj u ko\u0161aricu: &quot;The Sabotaged Experiment Mystery - First expansion pack - 5 additional characters&quot;\" rel=\"nofollow\" data-success_message=\"&quot;The Sabotaged Experiment Mystery - First expansion pack - 5 additional characters&quot; je dodan u va\u0161u ko\u0161aricu\" role=\"button\" data-no-translation=\"\" data-trp-gettext=\"\" data-no-translation-aria-label=\"\" data-no-translation-data-success_message=\"\">Dodaj u ko\u0161aricu<\/a>\t<span id=\"woocommerce_loop_add_to_cart_link_describedby_7948\" class=\"screen-reader-text\">\n\t\t\t<\/span>\n<\/li>\n<li class=\"product type-product post-7949 status-publish instock product_cat-expansion-packs product_tag-expansion-packs has-post-thumbnail downloadable virtual taxable purchasable product-type-simple\">\n\t<a href=\"https:\/\/www.mmmysterygames.com\/hr\/proizvod\/the-sabotaged-experiment-mystery-second-expansion-pack-5-additional-characters\/\" class=\"woocommerce-LoopProduct-link woocommerce-loop-product__link\"><img decoding=\"async\" width=\"300\" height=\"300\" src=\"https:\/\/www.mmmysterygames.com\/wp-content\/uploads\/2025\/03\/Slide2-1-300x300.jpg\" class=\"attachment-woocommerce_thumbnail size-woocommerce_thumbnail\" alt=\"non murder mystery dinner parties for teens and kids\" srcset=\"https:\/\/www.mmmysterygames.com\/wp-content\/uploads\/2025\/03\/Slide2-1-300x300.jpg 300w, https:\/\/www.mmmysterygames.com\/wp-content\/uploads\/2025\/03\/Slide2-1-150x150.jpg 150w, https:\/\/www.mmmysterygames.com\/wp-content\/uploads\/2025\/03\/Slide2-1-100x100.jpg 100w\" sizes=\"(max-width: 300px) 100vw, 300px\" \/><h2 class=\"woocommerce-loop-product__title\">The Sabotaged Experiment Mystery  &#8211; Second expansion pack &#8211; 5 additional characters<\/h2>\n\t<span class=\"price\"><span class=\"woocs_price_code\" data-currency=\"\" data-redraw-id=\"69fa90dab5430\"  data-product-id=\"7949\"><span class=\"woocommerce-Price-amount amount\"><bdi>4.50<span class=\"woocommerce-Price-currencySymbol\">&#36;<\/span><\/bdi><\/span><\/span><\/span>\n<\/a><a href=\"\/hr\/wp-json\/wp\/v2\/product\/7932?add-to-cart=7949\" aria-describedby=\"woocommerce_loop_add_to_cart_link_describedby_7949\" data-quantity=\"1\" class=\"button product_type_simple add_to_cart_button ajax_add_to_cart\" data-product_id=\"7949\" data-product_sku=\"NP04E.E16-20\" aria-label=\"Dodaj u ko\u0161aricu: &quot;The Sabotaged Experiment Mystery  - Second expansion pack - 5 additional characters&quot;\" rel=\"nofollow\" data-success_message=\"&quot;The Sabotaged Experiment Mystery  - Second expansion pack - 5 additional characters&quot; je dodan u va\u0161u ko\u0161aricu\" role=\"button\" data-no-translation=\"\" data-trp-gettext=\"\" data-no-translation-aria-label=\"\" data-no-translation-data-success_message=\"\">Dodaj u ko\u0161aricu<\/a>\t<span id=\"woocommerce_loop_add_to_cart_link_describedby_7949\" class=\"screen-reader-text\">\n\t\t\t<\/span>\n<\/li>\n<li class=\"product type-product post-7950 status-publish instock product_cat-expansion-packs product_tag-expansion-packs has-post-thumbnail downloadable virtual taxable purchasable product-type-simple\">\n\t<a href=\"https:\/\/www.mmmysterygames.com\/hr\/proizvod\/the-sabotaged-experiment-mystery-third-expansion-pack-10-additional-characters\/\" class=\"woocommerce-LoopProduct-link woocommerce-loop-product__link\"><img decoding=\"async\" width=\"300\" height=\"300\" src=\"https:\/\/www.mmmysterygames.com\/wp-content\/uploads\/2025\/03\/Slide3-300x300.jpg\" class=\"attachment-woocommerce_thumbnail size-woocommerce_thumbnail\" alt=\"non murder mystery dinner parties for teens and kids\" srcset=\"https:\/\/www.mmmysterygames.com\/wp-content\/uploads\/2025\/03\/Slide3-300x300.jpg 300w, https:\/\/www.mmmysterygames.com\/wp-content\/uploads\/2025\/03\/Slide3-150x150.jpg 150w, https:\/\/www.mmmysterygames.com\/wp-content\/uploads\/2025\/03\/Slide3-100x100.jpg 100w\" sizes=\"(max-width: 300px) 100vw, 300px\" \/><h2 class=\"woocommerce-loop-product__title\">The Sabotaged Experiment Mystery &#8211; Third expansion pack &#8211; 10 additional characters<\/h2>\n\t<span class=\"price\"><span class=\"woocs_price_code\" data-currency=\"\" data-redraw-id=\"69fa90dab656d\"  data-product-id=\"7950\"><span class=\"woocommerce-Price-amount amount\"><bdi>6.98<span class=\"woocommerce-Price-currencySymbol\">&#36;<\/span><\/bdi><\/span><\/span><\/span>\n<\/a><a href=\"\/hr\/wp-json\/wp\/v2\/product\/7932?add-to-cart=7950\" aria-describedby=\"woocommerce_loop_add_to_cart_link_describedby_7950\" data-quantity=\"1\" class=\"button product_type_simple add_to_cart_button ajax_add_to_cart\" data-product_id=\"7950\" data-product_sku=\"NP04E.E21-30\" aria-label=\"Dodaj u ko\u0161aricu: &quot;The Sabotaged Experiment Mystery - Third expansion pack - 10 additional characters&quot;\" rel=\"nofollow\" data-success_message=\"&quot;The Sabotaged Experiment Mystery - Third expansion pack - 10 additional characters&quot; je dodan u va\u0161u ko\u0161aricu\" role=\"button\" data-no-translation=\"\" data-trp-gettext=\"\" data-no-translation-aria-label=\"\" data-no-translation-data-success_message=\"\">Dodaj u ko\u0161aricu<\/a>\t<span id=\"woocommerce_loop_add_to_cart_link_describedby_7950\" class=\"screen-reader-text\">\n\t\t\t<\/span>\n<\/li>\n<\/ul>\n<\/div>\t\t\t\t<\/div>\n\t\t\t\t<\/div>\n\t\t\t\t\t<\/div>\n\t\t<\/div>\n\t\t\t\t\t<\/div>\n\t\t<\/section>\n\t\t\t\t<section class=\"elementor-section elementor-top-section elementor-element elementor-element-b47d892 elementor-section-boxed elementor-section-height-default elementor-section-height-default\" data-id=\"b47d892\" data-element_type=\"section\">\n\t\t\t\t\t\t<div class=\"elementor-container elementor-column-gap-default\">\n\t\t\t\t\t<div class=\"elementor-column elementor-col-100 elementor-top-column elementor-element elementor-element-f094618\" data-id=\"f094618\" data-element_type=\"column\">\n\t\t\t<div class=\"elementor-widget-wrap\">\n\t\t\t\t\t\t\t<\/div>\n\t\t<\/div>\n\t\t\t\t\t<\/div>\n\t\t<\/section>\n\t\t\t\t<\/div>","protected":false},"excerpt":{"rendered":"<p>Welcome to Nexus Research Lab, a super high-tech place where amazing science happens every day!<br \/>\nOne of the coolest inventions here is the Miniaturizer 3000\u2014a machine that can shrink things! But just as a big experiment was about to happen, something went wrong. The Miniaturizer broke down and ruined a very important project.<br \/>\nNow the lab is in lockdown, and everyone has been called into the main conference room. The Lead Safety Inspector says someone in the room caused the accident on purpose.<br \/>\nCan you figure out who it was?<\/p>\n<p>This is a basic game for 6 to 10 players (at least 1 female and 5 gender neutral; optionally 4 gender neutral).<\/p>\n<p><strong><a style=\"color: #641f47;\" href=\"#packs\">Dostupne pakete s dodatnim likovima mo\u017eete prona\u0107i ni\u017ee na stranici, za ukupno do 30 igra\u010da.<\/a><\/strong><\/p>","protected":false},"featured_media":7934,"template":"","meta":{"_monsterinsights_skip_tracking":false,"_monsterinsights_sitenote_active":false,"_monsterinsights_sitenote_note":"","_monsterinsights_sitenote_category":0},"product_brand":[],"product_cat":[168,15,24,26],"product_tag":[115,160,113,218,237,400,413],"class_list":{"0":"post-7932","1":"product","2":"type-product","3":"status-publish","4":"has-post-thumbnail","6":"product_cat-mystery-parties","7":"product_cat-dinner-mystery","8":"product_cat-non-murder","9":"product_cat-kids-teens","10":"product_tag-teens","11":"product_tag-kids","12":"product_tag-non-murder-mystery","13":"product_tag-medium","14":"product_tag-6-30-players","15":"product_tag-science-lab","16":"product_tag-in-person-mystery","18":"first","19":"instock","20":"featured","21":"downloadable","22":"virtual","23":"taxable","24":"purchasable","25":"product-type-simple"},"aioseo_notices":[],"_links":{"self":[{"href":"https:\/\/www.mmmysterygames.com\/hr\/wp-json\/wp\/v2\/product\/7932","targetHints":{"allow":["GET"]}}],"collection":[{"href":"https:\/\/www.mmmysterygames.com\/hr\/wp-json\/wp\/v2\/product"}],"about":[{"href":"https:\/\/www.mmmysterygames.com\/hr\/wp-json\/wp\/v2\/types\/product"}],"version-history":[{"count":12,"href":"https:\/\/www.mmmysterygames.com\/hr\/wp-json\/wp\/v2\/product\/7932\/revisions"}],"predecessor-version":[{"id":9137,"href":"https:\/\/www.mmmysterygames.com\/hr\/wp-json\/wp\/v2\/product\/7932\/revisions\/9137"}],"wp:featuredmedia":[{"embeddable":true,"href":"https:\/\/www.mmmysterygames.com\/hr\/wp-json\/wp\/v2\/media\/7934"}],"wp:attachment":[{"href":"https:\/\/www.mmmysterygames.com\/hr\/wp-json\/wp\/v2\/media?parent=7932"}],"wp:term":[{"taxonomy":"product_brand","embeddable":true,"href":"https:\/\/www.mmmysterygames.com\/hr\/wp-json\/wp\/v2\/product_brand?post=7932"},{"taxonomy":"product_cat","embeddable":true,"href":"https:\/\/www.mmmysterygames.com\/hr\/wp-json\/wp\/v2\/product_cat?post=7932"},{"taxonomy":"product_tag","embeddable":true,"href":"https:\/\/www.mmmysterygames.com\/hr\/wp-json\/wp\/v2\/product_tag?post=7932"}],"curies":[{"name":"wp","href":"https:\/\/api.w.org\/{rel}","templated":true}]}}