{"id":7476,"date":"2024-10-24T13:32:15","date_gmt":"2024-10-24T11:32:15","guid":{"rendered":"https:\/\/www.mmmysterygames.com\/?post_type=product&#038;p=7476"},"modified":"2026-04-15T01:10:02","modified_gmt":"2026-04-14T23:10:02","slug":"unsolved-case-whispers-of-wealth-the-thorpes-family-mystery","status":"publish","type":"product","link":"https:\/\/www.mmmysterygames.com\/hr\/proizvod\/unsolved-case-whispers-of-wealth-the-thorpes-family-mystery\/","title":{"rendered":"Unsolved case &#8211; Whispers of Wealth: The Thorpes Family Mystery"},"content":{"rendered":"<div data-elementor-type=\"product-post\" data-elementor-id=\"7476\" class=\"elementor elementor-7476\">\n\t\t\t\t\t\t<section class=\"elementor-section elementor-top-section elementor-element elementor-element-2fcf22d5 elementor-section-boxed elementor-section-height-default elementor-section-height-default\" data-id=\"2fcf22d5\" data-element_type=\"section\">\n\t\t\t\t\t\t<div class=\"elementor-container elementor-column-gap-default\">\n\t\t\t\t\t<div class=\"elementor-column elementor-col-100 elementor-top-column elementor-element elementor-element-47c7c4bf\" data-id=\"47c7c4bf\" data-element_type=\"column\">\n\t\t\t<div class=\"elementor-widget-wrap elementor-element-populated\">\n\t\t\t\t\t\t<div class=\"elementor-element elementor-element-347cc97a elementor-widget elementor-widget-text-editor\" data-id=\"347cc97a\" data-element_type=\"widget\" data-widget_type=\"text-editor.default\">\n\t\t\t\t<div class=\"elementor-widget-container\">\n\t\t\t\t\t\t\t\t\t<p>Whispers of Wealth: The Thorpes Family Mystery<\/p><p>The Thorpes Family was scattered all across Europe \u2013 London, Prague, Stockholm, Barcelona, and some were even found in a small Greek island town called Kissamos. They didn\u2019t communicate a lot, and, frankly, they also didn\u2019t have a lot in common.<\/p><p>Once a year, however, during the summer break, they were forced to meet \u2013 and even worse: to talk. It was the family\u2019s patriarch\u2019s request that every family member would gather in their family home on a rather small island in the Mediterranean Sea. Nobody talked about it, but everyone new: If you wanted to inherit a bit of the Thorpes Family\u2019s wealth, you\u2019d better come to Isola Serenamare.<\/p><p>The visit stretched sheer endlessly, every year, a surreal sequence of too-formal dinners and too-informal nightly gatherings, when the patriarch was sound asleep. Every year, the family members whispered about the patriarch\u2019s death. Wasn\u2019t it time for that? Couldn\u2019t they get a piece of the cake and leave this forsaken island behind for good?<\/p><p>Every year, however, the patriarch looked old and ill\u2026 but alive.<br \/>And then somebody died. Only\u2026 it was not who the people expected to die. And the mumbling, jealous set of relatives suddenly became the suspects in a murder investigation.<\/p><p>_________________<\/p><p>This game can be played solo or with a group of eager detectives. Plan for approximately 1-2 hours of gripping gameplay.<\/p><p>***Imajte na umu da ova pri\u010da sadr\u017ei neke teme za odrasle uklju\u010duju\u0107i ljubavne afere, alkohol i ubojstvo***<\/p><p>_________________<\/p><p>Sa svakom kupnjom dobivate:<\/p><p>&#8211; Instructions<br \/>&#8211; Communication from the police \/ investigator<br \/>&#8211; Compelling evidence for four different Stages of the game<br \/>&#8211; Suspects list<br \/>&#8211; A treasure trove of questions (with hints for each Stage and solution)<\/p><p>All materials are printed on A4 paper and you don&#8217;t have to cut them.<\/p><p>_________________<\/p><p>By purchasing this product you agree that it will only be used by you and for non commercial purposes.<\/p>\t\t\t\t\t\t\t\t<\/div>\n\t\t\t\t<\/div>\n\t\t\t\t\t<\/div>\n\t\t<\/div>\n\t\t\t\t\t<\/div>\n\t\t<\/section>\n\t\t\t\t<\/div>","protected":false},"excerpt":{"rendered":"<p>Whispers of Wealth: The Thorpes Family Mystery<\/p>\n<p>The Thorpes Family was scattered all across Europe \u2013 London, Prague, Stockholm, Barcelona, and some were even found in a small Greek island town called Kissamos. They didn\u2019t communicate a lot, and, frankly, they also didn\u2019t have a lot in common.<\/p>\n<p>Once a year, however, during the summer break, they were forced to meet \u2013 and even worse: to talk. It was the family\u2019s patriarch\u2019s request that every family member would gather in their family home on a rather small island in the Mediterranean Sea. Nobody talked about it, but everyone new: If you wanted to inherit a bit of the Thorpes Family\u2019s wealth, you\u2019d better come to Isola Serenamare.<\/p>\n<p>The visit stretched sheer endlessly, every year, a surreal sequence of too-formal dinners and too-informal nightly gatherings, when the patriarch was sound asleep. Every year, the family members whispered about the patriarch\u2019s death. Wasn\u2019t it time for that? Couldn\u2019t they get a piece of the cake and leave this forsaken island behind for good?<\/p>\n<p>Every year, however, the patriarch looked old and ill\u2026 but alive.<br \/>\nAnd then somebody died. Only\u2026 it was not who the people expected to die. And the mumbling, jealous set of relatives suddenly became the suspects in a murder investigation.<\/p>\n<p>_________________<\/p>\n<p>This game can be played solo or with a group of eager detectives. Plan for approximately 1-2 hours of gripping gameplay.<\/p>\n<p>&nbsp;<\/p>","protected":false},"featured_media":9136,"template":"","meta":{"_monsterinsights_skip_tracking":false,"_monsterinsights_sitenote_active":false,"_monsterinsights_sitenote_note":"","_monsterinsights_sitenote_category":0},"product_brand":[],"product_cat":[112],"product_tag":[114,409],"class_list":{"0":"post-7476","1":"product","2":"type-product","3":"status-publish","4":"has-post-thumbnail","6":"product_cat-unsolved-cases","7":"product_tag-adults","8":"product_tag-individual-or-small-groups-flexible-group-size","10":"first","11":"instock","12":"sale","13":"taxable","14":"shipping-taxable","15":"purchasable","16":"product-type-variable"},"aioseo_notices":[],"_links":{"self":[{"href":"https:\/\/www.mmmysterygames.com\/hr\/wp-json\/wp\/v2\/product\/7476","targetHints":{"allow":["GET"]}}],"collection":[{"href":"https:\/\/www.mmmysterygames.com\/hr\/wp-json\/wp\/v2\/product"}],"about":[{"href":"https:\/\/www.mmmysterygames.com\/hr\/wp-json\/wp\/v2\/types\/product"}],"version-history":[{"count":3,"href":"https:\/\/www.mmmysterygames.com\/hr\/wp-json\/wp\/v2\/product\/7476\/revisions"}],"predecessor-version":[{"id":7485,"href":"https:\/\/www.mmmysterygames.com\/hr\/wp-json\/wp\/v2\/product\/7476\/revisions\/7485"}],"wp:featuredmedia":[{"embeddable":true,"href":"https:\/\/www.mmmysterygames.com\/hr\/wp-json\/wp\/v2\/media\/9136"}],"wp:attachment":[{"href":"https:\/\/www.mmmysterygames.com\/hr\/wp-json\/wp\/v2\/media?parent=7476"}],"wp:term":[{"taxonomy":"product_brand","embeddable":true,"href":"https:\/\/www.mmmysterygames.com\/hr\/wp-json\/wp\/v2\/product_brand?post=7476"},{"taxonomy":"product_cat","embeddable":true,"href":"https:\/\/www.mmmysterygames.com\/hr\/wp-json\/wp\/v2\/product_cat?post=7476"},{"taxonomy":"product_tag","embeddable":true,"href":"https:\/\/www.mmmysterygames.com\/hr\/wp-json\/wp\/v2\/product_tag?post=7476"}],"curies":[{"name":"wp","href":"https:\/\/api.w.org\/{rel}","templated":true}]}}