{"id":5628,"date":"2023-02-26T14:21:40","date_gmt":"2023-02-26T13:21:40","guid":{"rendered":"https:\/\/www.theigra.com\/?post_type=product&#038;p=5628"},"modified":"2026-04-15T00:55:24","modified_gmt":"2026-04-14T22:55:24","slug":"another-day-another-1920s-murder","status":"publish","type":"product","link":"https:\/\/www.mmmysterygames.com\/hr\/proizvod\/another-day-another-1920s-murder\/","title":{"rendered":"Another Day, Another 1920&#8217;s Murder"},"content":{"rendered":"<div data-elementor-type=\"product-post\" data-elementor-id=\"5628\" class=\"elementor elementor-5628\">\n\t\t\t\t\t\t<section class=\"elementor-section elementor-top-section elementor-element elementor-element-3de9921 elementor-section-boxed elementor-section-height-default elementor-section-height-default\" data-id=\"3de9921\" data-element_type=\"section\">\n\t\t\t\t\t\t<div class=\"elementor-container elementor-column-gap-default\">\n\t\t\t\t\t<div class=\"elementor-column elementor-col-100 elementor-top-column elementor-element elementor-element-c9e4d9f\" data-id=\"c9e4d9f\" data-element_type=\"column\">\n\t\t\t<div class=\"elementor-widget-wrap elementor-element-populated\">\n\t\t\t\t\t\t<div class=\"elementor-element elementor-element-967360c elementor-widget elementor-widget-text-editor\" data-id=\"967360c\" data-element_type=\"widget\" data-widget_type=\"text-editor.default\">\n\t\t\t\t<div class=\"elementor-widget-container\">\n\t\t\t\t\t\t\t\t\t<p>It\u2019s time for David and Mia\u2019s annual \u201cUgly Sweater\u201d Christmas party. Everyone is there\u2014their adult children, other relatives, family friends, neighbors\u2014and YOU!<br \/>Folks gather around the Christmas tree and laugh at each other\u2019s sweaters, but there is an odd unspoken anxiety in the air. Is it because of family history? Neighborhood issues? Friendly rivalries?<br \/>A little tension is expected at a family holiday gathering, but what nobody expects is\u2026 MURDER!<\/p><p><span style=\"font-size: 1rem;\">This is a basic game for 8 to 10 players (at least 2 male, 4 female and 2 gender neutral; optionally 2 gender neutral).<\/span><\/p><p><strong style=\"font-size: 1rem;\">***Please note that this story can contain some adult themes including references to affairs, drinking, and murder***<\/strong><\/p><p>Igra se odvija u 5 krugova. U drugom krugu igre dogodi se ubojstvo. Tijekom igre igra\u010di saznaju nove tajne o sebi, inspektor otkriva neke detalje iz istrage, igra\u010di dobivaju nove informacije o motivima suigra\u010da za ubojstvo i kona\u010dno\u2026 glasaju za osumnji\u010dene i inspektor otkriva tko je ubojica.<\/p><p>\u00a0<\/p><p><strong>Sa svakom kupnjom dobivate:<\/strong><\/p><p>\u2013 Vodi\u010d za doma\u0107ina<br \/>\u2013 Pravila igre<br \/>\u2013 Popis likova<br \/>\u2013 Kartice s imenima<br \/>\u2013 Glasa\u010dke listi\u0107e<br \/>\u2013 Pozivnicu<br \/>\u2013 Kartice likova za pet krugova<\/p><p>Svi materijali se printaju na A4 papirima i ne moraju se izrezivati (osim kartica s imenima).<\/p><p>I doma\u0107in mo\u017ee igrati<br \/>Doma\u0107in mo\u017ee igrati neku ulogu, i tko zna, mo\u017eda \u0107e na kraju ba\u0161 on biti osumnji\u010den.<br \/>U drugoj rundi \u0107e \u017ertva pasti i ubojica \u0107e saznati da je kriv.<\/p><p>\u00a0<\/p><p><strong>Plan igre<\/strong><\/p><p>Krug 1: Dru\u017eenje<br \/>Igra\u010di \u010ditaju informacije o pri\u010di i svojoj ulozi (ili se podsjete ako su im informacije poslane unaprijed) i razmjenjuju informacije koje su pro\u010ditali sa \u0161to vi\u0161e igra\u010da.<\/p><p>Krug 2: Ubojstvo<br \/>\u017drtva ima zadatak privu\u0107i pa\u017enju ostalih i zatim pasti mrtva. Ve\u0107ini igra\u010da re\u010deno je da promatraju. Ubojica saznaje da je on\/ona kriv za ubojstvo.<\/p><p>Krug 3: Motiv<br \/>\u017drtva u nastavku igre preuzima ulogu Inspektora i otkriva informacije iz policijske istrage. Igra\u010di dobivaju nove informacije o motivima njihovih likova za ubojstvo. Mogu ispitivati igra\u010de koji su im sumnjivi, poku\u0161ati otkriti tajne drugih igra\u010da ili \u0161iriti tra\u010deve. Samo Ubojica smije lagati; svi ostali smiju okoli\u0161ati, promijeniti temu itd., ali uvijek moraju govoriti istinu.<\/p><p>Krug 4: Dokazi \nInspektor otkriva jo\u0161 informacija iz istrage, a ostali igra\u010di dobivaju dodatne informacije koje mogu dijeliti sa drugima. U ovom trenutku, neki igra\u010di trebali bi bili u mogu\u0107nosti pogoditi tko je Ubojica.<br \/>Glasanje: Igra\u010di popunjavaju Glasa\u010dki Listi\u0107 ako ve\u0107 nisu do sada. Doma\u0107in upisuje vrijeme kada je svaki listi\u0107 predan. Igra\u010di glasaju i za Najbolji Kostim i Najboljeg Glumca.<\/p><p>Krug 5: Rje\u0161enje<br \/>Inspektor otkriva Ubojicu, koji priznaje za\u0161to i na koji na\u010din je po\u010dinio ubojstvo.<\/p>\t\t\t\t\t\t\t\t<\/div>\n\t\t\t\t<\/div>\n\t\t\t\t\t<\/div>\n\t\t<\/div>\n\t\t\t\t\t<\/div>\n\t\t<\/section>\n\t\t\t\t<section class=\"elementor-section elementor-top-section elementor-element elementor-element-9ff8d57 elementor-section-boxed elementor-section-height-default elementor-section-height-default\" data-id=\"9ff8d57\" data-element_type=\"section\" id=\"packs\">\n\t\t\t\t\t\t<div class=\"elementor-container elementor-column-gap-default\">\n\t\t\t\t\t<div class=\"elementor-column elementor-col-100 elementor-top-column elementor-element elementor-element-fd9535e\" data-id=\"fd9535e\" data-element_type=\"column\">\n\t\t\t<div class=\"elementor-widget-wrap elementor-element-populated\">\n\t\t\t\t\t\t<div class=\"elementor-element elementor-element-0c3b6ed elementor-widget elementor-widget-text-editor\" data-id=\"0c3b6ed\" data-element_type=\"widget\" data-widget_type=\"text-editor.default\">\n\t\t\t\t<div class=\"elementor-widget-container\">\n\t\t\t\t\t\t\t\t\t<h4>DODATNI PAKETI<\/h4>\t\t\t\t\t\t\t\t<\/div>\n\t\t\t\t<\/div>\n\t\t\t\t<div class=\"elementor-element elementor-element-dd55425 elementor-grid-4 elementor-grid-tablet-3 elementor-grid-mobile-2 elementor-products-grid elementor-wc-products elementor-widget elementor-widget-woocommerce-products\" data-id=\"dd55425\" data-element_type=\"widget\" data-widget_type=\"woocommerce-products.default\">\n\t\t\t\t<div class=\"elementor-widget-container\">\n\t\t\t\t\t<div class=\"woocommerce columns-4\"><span class=\"wpfHidden\" data-shortcode-attribute=\"{&quot;limit&quot;:&quot;-1&quot;,&quot;columns&quot;:4,&quot;rows&quot;:4,&quot;orderby&quot;:&quot;&quot;,&quot;order&quot;:&quot;&quot;,&quot;ids&quot;:&quot;&quot;,&quot;skus&quot;:&quot;&quot;,&quot;category&quot;:&quot;&quot;,&quot;cat_operator&quot;:&quot;IN&quot;,&quot;attribute&quot;:&quot;&quot;,&quot;terms&quot;:&quot;&quot;,&quot;terms_operator&quot;:&quot;IN&quot;,&quot;tag&quot;:&quot;&quot;,&quot;tag_operator&quot;:&quot;IN&quot;,&quot;visibility&quot;:&quot;visible&quot;,&quot;class&quot;:&quot;&quot;,&quot;page&quot;:1,&quot;paginate&quot;:&quot;&quot;,&quot;cache&quot;:false}\"><\/span><ul class=\"products elementor-grid columns-4\">\n<li class=\"product type-product post-5584 status-publish first instock product_cat-expansion-packs product_tag-expansion-packs product_tag-christmas has-post-thumbnail downloadable virtual taxable purchasable product-type-simple\">\n\t<a href=\"https:\/\/www.mmmysterygames.com\/hr\/proizvod\/mucsp-first-expansion-pack-5-additional-characters\/\" class=\"woocommerce-LoopProduct-link woocommerce-loop-product__link\"><img fetchpriority=\"high\" decoding=\"async\" width=\"300\" height=\"300\" src=\"https:\/\/www.mmmysterygames.com\/wp-content\/uploads\/2023\/02\/Slide1-2-300x300.jpg\" class=\"attachment-woocommerce_thumbnail size-woocommerce_thumbnail\" alt=\"MUCSP - First expansion pack - 5 additional characters\" srcset=\"https:\/\/www.mmmysterygames.com\/wp-content\/uploads\/2023\/02\/Slide1-2-300x300.jpg 300w, https:\/\/www.mmmysterygames.com\/wp-content\/uploads\/2023\/02\/Slide1-2-150x150.jpg 150w, https:\/\/www.mmmysterygames.com\/wp-content\/uploads\/2023\/02\/Slide1-2-100x100.jpg 100w\" sizes=\"(max-width: 300px) 100vw, 300px\" \/><h2 class=\"woocommerce-loop-product__title\">MUCSP &#8211; First expansion pack &#8211; 5 additional characters<\/h2>\n\t<span class=\"price\"><span class=\"woocs_price_code\" data-currency=\"\" data-redraw-id=\"69fa85c3b5c86\"  data-product-id=\"5584\"><span class=\"woocommerce-Price-amount amount\"><bdi>4.50<span class=\"woocommerce-Price-currencySymbol\">&#36;<\/span><\/bdi><\/span><\/span><\/span>\n<\/a><a href=\"\/hr\/wp-json\/wp\/v2\/product\/5628?add-to-cart=5584\" aria-describedby=\"woocommerce_loop_add_to_cart_link_describedby_5584\" data-quantity=\"1\" class=\"button product_type_simple add_to_cart_button ajax_add_to_cart\" data-product_id=\"5584\" data-product_sku=\"MP05E.E11-15\" aria-label=\"Dodaj u ko\u0161aricu: &quot;MUCSP - First expansion pack - 5 additional characters&quot;\" rel=\"nofollow\" data-success_message=\"&quot;MUCSP - First expansion pack - 5 additional characters&quot; je dodan u va\u0161u ko\u0161aricu\" role=\"button\" data-no-translation=\"\" data-trp-gettext=\"\" data-no-translation-aria-label=\"\" data-no-translation-data-success_message=\"\">Dodaj u ko\u0161aricu<\/a>\t<span id=\"woocommerce_loop_add_to_cart_link_describedby_5584\" class=\"screen-reader-text\">\n\t\t\t<\/span>\n<\/li>\n<li class=\"product type-product post-5593 status-publish instock product_cat-expansion-packs product_tag-expansion-packs product_tag-christmas has-post-thumbnail downloadable virtual taxable purchasable product-type-simple\">\n\t<a href=\"https:\/\/www.mmmysterygames.com\/hr\/proizvod\/mucsp-second-expansion-pack-5-additional-characters\/\" class=\"woocommerce-LoopProduct-link woocommerce-loop-product__link\"><img decoding=\"async\" width=\"300\" height=\"300\" src=\"https:\/\/www.mmmysterygames.com\/wp-content\/uploads\/2023\/02\/Slide2-300x300.jpg\" class=\"attachment-woocommerce_thumbnail size-woocommerce_thumbnail\" alt=\"MUCSP - Second expansion pack\" srcset=\"https:\/\/www.mmmysterygames.com\/wp-content\/uploads\/2023\/02\/Slide2-300x300.jpg 300w, https:\/\/www.mmmysterygames.com\/wp-content\/uploads\/2023\/02\/Slide2-150x150.jpg 150w, https:\/\/www.mmmysterygames.com\/wp-content\/uploads\/2023\/02\/Slide2-100x100.jpg 100w\" sizes=\"(max-width: 300px) 100vw, 300px\" \/><h2 class=\"woocommerce-loop-product__title\">MUCSP &#8211; Second expansion pack &#8211; 5 additional characters<\/h2>\n\t<span class=\"price\"><span class=\"woocs_price_code\" data-currency=\"\" data-redraw-id=\"69fa85c3b6d9d\"  data-product-id=\"5593\"><span class=\"woocommerce-Price-amount amount\"><bdi>4.50<span class=\"woocommerce-Price-currencySymbol\">&#36;<\/span><\/bdi><\/span><\/span><\/span>\n<\/a><a href=\"\/hr\/wp-json\/wp\/v2\/product\/5628?add-to-cart=5593\" aria-describedby=\"woocommerce_loop_add_to_cart_link_describedby_5593\" data-quantity=\"1\" class=\"button product_type_simple add_to_cart_button ajax_add_to_cart\" data-product_id=\"5593\" data-product_sku=\"MP05E.E16-20\" aria-label=\"Dodaj u ko\u0161aricu: &quot;MUCSP - Second expansion pack - 5 additional characters&quot;\" rel=\"nofollow\" data-success_message=\"&quot;MUCSP - Second expansion pack - 5 additional characters&quot; je dodan u va\u0161u ko\u0161aricu\" role=\"button\" data-no-translation=\"\" data-trp-gettext=\"\" data-no-translation-aria-label=\"\" data-no-translation-data-success_message=\"\">Dodaj u ko\u0161aricu<\/a>\t<span id=\"woocommerce_loop_add_to_cart_link_describedby_5593\" class=\"screen-reader-text\">\n\t\t\t<\/span>\n<\/li>\n<li class=\"product type-product post-5597 status-publish instock product_cat-expansion-packs product_tag-expansion-packs product_tag-christmas has-post-thumbnail downloadable virtual taxable purchasable product-type-simple\">\n\t<a href=\"https:\/\/www.mmmysterygames.com\/hr\/proizvod\/mucsp-third-expansion-pack-10-additional-characters\/\" class=\"woocommerce-LoopProduct-link woocommerce-loop-product__link\"><img decoding=\"async\" width=\"300\" height=\"300\" src=\"https:\/\/www.mmmysterygames.com\/wp-content\/uploads\/2023\/02\/Slide3-300x300.jpg\" class=\"attachment-woocommerce_thumbnail size-woocommerce_thumbnail\" alt=\"Murder at an Ugly Christmas Sweater Party - Third expansion pack\" srcset=\"https:\/\/www.mmmysterygames.com\/wp-content\/uploads\/2023\/02\/Slide3-300x300.jpg 300w, https:\/\/www.mmmysterygames.com\/wp-content\/uploads\/2023\/02\/Slide3-150x150.jpg 150w, https:\/\/www.mmmysterygames.com\/wp-content\/uploads\/2023\/02\/Slide3-100x100.jpg 100w\" sizes=\"(max-width: 300px) 100vw, 300px\" \/><h2 class=\"woocommerce-loop-product__title\">MUCSP &#8211; Third expansion pack &#8211; 10 additional characters<\/h2>\n\t<span class=\"price\"><span class=\"woocs_price_code\" data-currency=\"\" data-redraw-id=\"69fa85c3b7fe4\"  data-product-id=\"5597\"><span class=\"woocommerce-Price-amount amount\"><bdi>6.98<span class=\"woocommerce-Price-currencySymbol\">&#36;<\/span><\/bdi><\/span><\/span><\/span>\n<\/a><a href=\"\/hr\/wp-json\/wp\/v2\/product\/5628?add-to-cart=5597\" aria-describedby=\"woocommerce_loop_add_to_cart_link_describedby_5597\" data-quantity=\"1\" class=\"button product_type_simple add_to_cart_button ajax_add_to_cart\" data-product_id=\"5597\" data-product_sku=\"MP05E.E11-15-1-1\" aria-label=\"Dodaj u ko\u0161aricu: &quot;MUCSP - Third expansion pack - 10 additional characters&quot;\" rel=\"nofollow\" data-success_message=\"&quot;MUCSP - Third expansion pack - 10 additional characters&quot; je dodan u va\u0161u ko\u0161aricu\" role=\"button\" data-no-translation=\"\" data-trp-gettext=\"\" data-no-translation-aria-label=\"\" data-no-translation-data-success_message=\"\">Dodaj u ko\u0161aricu<\/a>\t<span id=\"woocommerce_loop_add_to_cart_link_describedby_5597\" class=\"screen-reader-text\">\n\t\t\t<\/span>\n<\/li>\n<\/ul>\n<\/div>\t\t\t\t<\/div>\n\t\t\t\t<\/div>\n\t\t\t\t\t<\/div>\n\t\t<\/div>\n\t\t\t\t\t<\/div>\n\t\t<\/section>\n\t\t\t\t<section class=\"elementor-section elementor-top-section elementor-element elementor-element-b47d892 elementor-section-boxed elementor-section-height-default elementor-section-height-default\" data-id=\"b47d892\" data-element_type=\"section\">\n\t\t\t\t\t\t<div class=\"elementor-container elementor-column-gap-default\">\n\t\t\t\t\t<div class=\"elementor-column elementor-col-100 elementor-top-column elementor-element elementor-element-f094618\" data-id=\"f094618\" data-element_type=\"column\">\n\t\t\t<div class=\"elementor-widget-wrap\">\n\t\t\t\t\t\t\t<\/div>\n\t\t<\/div>\n\t\t\t\t\t<\/div>\n\t\t<\/section>\n\t\t\t\t<\/div>","protected":false},"excerpt":{"rendered":"<p>It\u2019s 1924, and Prohibition has made alcohol illegal in the USA. As a result, gangs have taken control of the liquor business. Chicago\u2019s Blue &amp; Gold Gang are the wildest group in town, and when these hardboiled gangsters get tired of the rough stuff, they gather at their favorite speakeasy to gulp down bathtub gin and kick up their heels to jazz music.<br \/>\nBut there are strange currents in the air tonight\u2014could it be because of a power struggle among gang members? Or tension between the overbearing gangsters and the speakeasy employees who are forced to wait on them? Or maybe some of the \u201cinnocent bystander\u201d speakeasy customers have a hidden motive for showing up in the den of a notorious gang\u2026<br \/>\nSo hold on to your hats! Who knows what crimes might be committed here tonight?!<\/p>\n<p>This is a basic game for 8 to 10 players (at least 4 male, 2 female and 2 gender neutral; optionally 2 gender neutral).<\/p>\n<p><strong><a style=\"color: #641f47;\" href=\"#packs\">Dostupne pakete s dodatnim likovima mo\u017eete prona\u0107i ni\u017ee na stranici, za ukupno do 30 igra\u010da.<\/a><\/strong><\/p>","protected":false},"featured_media":6313,"template":"","meta":{"_monsterinsights_skip_tracking":false,"_monsterinsights_sitenote_active":false,"_monsterinsights_sitenote_note":"","_monsterinsights_sitenote_category":0},"product_brand":[],"product_cat":[168,15],"product_tag":[114,159,209,227,218,413],"class_list":{"0":"post-5628","1":"product","2":"type-product","3":"status-publish","4":"has-post-thumbnail","6":"product_cat-mystery-parties","7":"product_cat-dinner-mystery","8":"product_tag-adults","9":"product_tag-murder-mystery","10":"product_tag-1920s","11":"product_tag-8-30-players","12":"product_tag-medium","13":"product_tag-in-person-mystery","15":"first","16":"instock","17":"featured","18":"downloadable","19":"virtual","20":"taxable","21":"purchasable","22":"product-type-simple"},"aioseo_notices":[],"_links":{"self":[{"href":"https:\/\/www.mmmysterygames.com\/hr\/wp-json\/wp\/v2\/product\/5628","targetHints":{"allow":["GET"]}}],"collection":[{"href":"https:\/\/www.mmmysterygames.com\/hr\/wp-json\/wp\/v2\/product"}],"about":[{"href":"https:\/\/www.mmmysterygames.com\/hr\/wp-json\/wp\/v2\/types\/product"}],"version-history":[{"count":2,"href":"https:\/\/www.mmmysterygames.com\/hr\/wp-json\/wp\/v2\/product\/5628\/revisions"}],"predecessor-version":[{"id":6312,"href":"https:\/\/www.mmmysterygames.com\/hr\/wp-json\/wp\/v2\/product\/5628\/revisions\/6312"}],"wp:featuredmedia":[{"embeddable":true,"href":"https:\/\/www.mmmysterygames.com\/hr\/wp-json\/wp\/v2\/media\/6313"}],"wp:attachment":[{"href":"https:\/\/www.mmmysterygames.com\/hr\/wp-json\/wp\/v2\/media?parent=5628"}],"wp:term":[{"taxonomy":"product_brand","embeddable":true,"href":"https:\/\/www.mmmysterygames.com\/hr\/wp-json\/wp\/v2\/product_brand?post=5628"},{"taxonomy":"product_cat","embeddable":true,"href":"https:\/\/www.mmmysterygames.com\/hr\/wp-json\/wp\/v2\/product_cat?post=5628"},{"taxonomy":"product_tag","embeddable":true,"href":"https:\/\/www.mmmysterygames.com\/hr\/wp-json\/wp\/v2\/product_tag?post=5628"}],"curies":[{"name":"wp","href":"https:\/\/api.w.org\/{rel}","templated":true}]}}