{"id":5039,"date":"2021-12-10T10:55:46","date_gmt":"2021-12-10T09:55:46","guid":{"rendered":"https:\/\/www.theigra.com\/?post_type=product&#038;p=5039"},"modified":"2026-04-15T00:56:20","modified_gmt":"2026-04-14T22:56:20","slug":"jazz-gin-and-murder_new","status":"publish","type":"product","link":"https:\/\/www.mmmysterygames.com\/hr\/proizvod\/jazz-gin-and-murder_new\/","title":{"rendered":"Jazz, Gin i... Ubojstvo"},"content":{"rendered":"<div data-elementor-type=\"wp-post\" data-elementor-id=\"5039\" class=\"elementor elementor-5039\">\n\t\t\t\t\t\t<section class=\"elementor-section elementor-top-section elementor-element elementor-element-2a475f5 elementor-section-boxed elementor-section-height-default elementor-section-height-default\" data-id=\"2a475f5\" data-element_type=\"section\">\n\t\t\t\t\t\t<div class=\"elementor-container elementor-column-gap-default\">\n\t\t\t\t\t<div class=\"elementor-column elementor-col-100 elementor-top-column elementor-element elementor-element-ca976a3\" data-id=\"ca976a3\" data-element_type=\"column\">\n\t\t\t<div class=\"elementor-widget-wrap elementor-element-populated\">\n\t\t\t\t\t\t<div class=\"elementor-element elementor-element-395dac97 elementor-widget elementor-widget-text-editor\" data-id=\"395dac97\" data-element_type=\"widget\" data-widget_type=\"text-editor.default\">\n\t\t\t\t<div class=\"elementor-widget-container\">\n\t\t\t\t\t\t\t\t\t<p>20-e godine pro\u0161log stolje\u0107a su uzbudljivo desetlje\u0107e u Chicagu, SAD. Iako je prohibicijom zabranjeno to\u010denje alkohola, na svakom uglu je neki speakeasy (ilegalni klub gdje se poslu\u017euju zabranjena alkoholna pi\u0107a) u kojem caruju gin i jazz. Me\u0111utim, nali\u010dje grada Chicaga su gangsteri koji vladaju gradom. Najgori kriminalci su \u010dlanovi Zlatne i Plave bande koje su u biznisu krijum\u010darenja alkoholnih pi\u0107a, kojeg obje bande \u017eele kontrolirati.<\/p><p>Ovi ozlogla\u0161eni gangsteri uvijek se pobrinu da dobiju ono \u0161to \u017eele pa makar to zna\u010dilo da \u0107e iza sebe ostaviti i poneku \u017ertvu.<\/p><p><strong>***Imajte na umu da ova pri\u010da sadr\u017ei neke teme za odrasle uklju\u010duju\u0107i ljubavne afere, alkohol i ubojstvo***<\/strong><\/p><p><span style=\"font-weight: 400;\">Igra se odvija u 5 krugova. U drugom krugu igre dogodi se ubojstvo. Tijekom igre igra\u010di saznaju nove tajne o sebi, inspektor otkriva neke detalje iz istrage, igra\u010di dobivaju nove informacije o motivima suigra\u010da za ubojstvo i kona\u010dno\u2026 glasaju za osumnji\u010dene i inspektor otkriva tko je ubojica.<\/span><\/p><p><strong>Sa svakom kupnjom dobivate:<\/strong><\/p><p><span style=\"font-weight: 400;\">\u2013 Vodi\u010d za doma\u0107ina<\/span><\/p><p><span style=\"font-weight: 400;\">\u2013 Pravila igre<\/span><\/p><p><span style=\"font-weight: 400;\">\u2013 Popis likova<\/span><\/p><p><span style=\"font-weight: 400;\">\u2013 Kartice s imenima<\/span><\/p><p><span style=\"font-weight: 400;\">\u2013 Glasa\u010dke listi\u0107e<\/span><\/p><p><span style=\"font-weight: 400;\">\u2013 Pozivnicu<\/span><\/p><p><span style=\"font-weight: 400;\">\u2013 Kartice likova za pet krugova<\/span><\/p><p><span style=\"font-weight: 400;\">Svi materijali se printaju na A4 papirima i ne moraju se izrezivati (osim kartica s imenima).<\/span><\/p><p><span style=\"font-weight: 400;\">I doma\u0107in mo\u017ee igrati<\/span><\/p><p><span style=\"font-weight: 400;\">Doma\u0107in mo\u017ee igrati neku ulogu, i tko zna, mo\u017eda \u0107e na kraju ba\u0161 on biti osumnji\u010den.\u00a0<\/span><\/p><p><span style=\"font-weight: 400;\">U drugoj rundi \u0107e \u017ertva pasti i ubojica \u0107e saznati da je kriv.<\/span><\/p><p><strong>Plan igre<\/strong><\/p><p><span style=\"font-weight: 400;\">Krug 1: Dru\u017eenje\u00a0<\/span><\/p><p><span style=\"font-weight: 400;\">Igra\u010di \u010ditaju informacije o pri\u010di i svojoj ulozi (ili se podsjete ako su im informacije poslane unaprijed) i razmjenjuju informacije koje su pro\u010ditali sa \u0161to vi\u0161e igra\u010da.<\/span><\/p><p><span style=\"font-weight: 400;\">Krug 2: Ubojstvo\u00a0<\/span><\/p><p><span style=\"font-weight: 400;\">\u017drtva ima zadatak privu\u0107i pa\u017enju ostalih i zatim pasti mrtva. Ve\u0107ini igra\u010da re\u010deno je da promatraju. Ubojica saznaje da je on\/ona kriv za ubojstvo.<\/span><\/p><p><span style=\"font-weight: 400;\">Krug 3: Motiv\u00a0<\/span><\/p><p><span style=\"font-weight: 400;\">\u017drtva u nastavku igre preuzima ulogu Inspektora i otkriva informacije iz policijske istrage. Igra\u010di dobivaju nove informacije o motivima njihovih likova za ubojstvo. Mogu ispitivati igra\u010de koji su im sumnjivi, poku\u0161ati otkriti tajne drugih igra\u010da ili \u0161iriti tra\u010deve. Samo Ubojica smije lagati; svi ostali smiju okoli\u0161ati, promijeniti temu itd., ali uvijek moraju govoriti istinu.<\/span><\/p><p><span style=\"font-weight: 400;\">Krug 4: Dokazi \nInspektor otkriva jo\u0161 informacija iz istrage, a ostali igra\u010di dobivaju dodatne informacije koje mogu dijeliti sa drugima. U ovom trenutku, neki igra\u010di trebali bi bili u mogu\u0107nosti pogoditi tko je Ubojica.<\/span><\/p><p><span style=\"font-weight: 400;\">Glasanje: Igra\u010di popunjavaju Glasa\u010dki Listi\u0107 ako ve\u0107 nisu do sada. Doma\u0107in upisuje vrijeme kada je svaki listi\u0107 predan. Igra\u010di glasaju i za Najbolji Kostim i Najboljeg Glumca.<\/span><\/p><p><span style=\"font-weight: 400;\">Krug 5: Rje\u0161enje\u00a0<\/span><\/p><p><span style=\"font-weight: 400;\">Inspektor otkriva Ubojicu, koji priznaje za\u0161to i na koji na\u010din je po\u010dinio ubojstvo.<\/span><\/p>\t\t\t\t\t\t\t\t<\/div>\n\t\t\t\t<\/div>\n\t\t\t\t<div class=\"elementor-element elementor-element-d7be4c7 elementor-widget elementor-widget-text-editor\" data-id=\"d7be4c7\" data-element_type=\"widget\" id=\"packs\" data-widget_type=\"text-editor.default\">\n\t\t\t\t<div class=\"elementor-widget-container\">\n\t\t\t\t\t\t\t\t\t<h4>DODATNI PAKETI<\/h4>\t\t\t\t\t\t\t\t<\/div>\n\t\t\t\t<\/div>\n\t\t\t\t<div class=\"elementor-element elementor-element-000391f elementor-grid-4 elementor-grid-tablet-3 elementor-grid-mobile-2 elementor-products-grid elementor-wc-products elementor-widget elementor-widget-woocommerce-products\" data-id=\"000391f\" data-element_type=\"widget\" data-widget_type=\"woocommerce-products.default\">\n\t\t\t\t<div class=\"elementor-widget-container\">\n\t\t\t\t\t<div class=\"woocommerce columns-4\"><span class=\"wpfHidden\" data-shortcode-attribute=\"{&quot;limit&quot;:&quot;-1&quot;,&quot;columns&quot;:4,&quot;rows&quot;:4,&quot;orderby&quot;:&quot;&quot;,&quot;order&quot;:&quot;&quot;,&quot;ids&quot;:&quot;&quot;,&quot;skus&quot;:&quot;&quot;,&quot;category&quot;:&quot;&quot;,&quot;cat_operator&quot;:&quot;IN&quot;,&quot;attribute&quot;:&quot;&quot;,&quot;terms&quot;:&quot;&quot;,&quot;terms_operator&quot;:&quot;IN&quot;,&quot;tag&quot;:&quot;&quot;,&quot;tag_operator&quot;:&quot;IN&quot;,&quot;visibility&quot;:&quot;visible&quot;,&quot;class&quot;:&quot;&quot;,&quot;page&quot;:1,&quot;paginate&quot;:&quot;&quot;,&quot;cache&quot;:false}\"><\/span><ul class=\"products elementor-grid columns-4\">\n<li class=\"product type-product post-3594 status-publish first instock product_cat-expansion-packs product_tag-expansion-packs product_tag-1920s has-post-thumbnail downloadable virtual taxable purchasable product-type-simple\">\n\t<a href=\"https:\/\/www.mmmysterygames.com\/hr\/proizvod\/jgam-first-expansion-pack\/\" class=\"woocommerce-LoopProduct-link woocommerce-loop-product__link\"><img fetchpriority=\"high\" decoding=\"async\" width=\"300\" height=\"280\" src=\"https:\/\/www.mmmysterygames.com\/wp-content\/uploads\/2020\/11\/JGAM-Packs-01-1-300x280.png\" class=\"attachment-woocommerce_thumbnail size-woocommerce_thumbnail\" alt=\"JGAM-Packs-01-1\" srcset=\"https:\/\/www.mmmysterygames.com\/wp-content\/uploads\/2020\/11\/JGAM-Packs-01-1-300x280.png 300w, https:\/\/www.mmmysterygames.com\/wp-content\/uploads\/2020\/11\/JGAM-Packs-01-1-14x12.png 14w\" sizes=\"(max-width: 300px) 100vw, 300px\" \/><h2 class=\"woocommerce-loop-product__title\">JGAM \u2013 Prvi paket \u2013 5 dodatnih likova<\/h2>\n\t<span class=\"price\"><span class=\"woocs_price_code\" data-currency=\"\" data-redraw-id=\"69fa85ef9657d\"  data-product-id=\"3594\"><span class=\"woocommerce-Price-amount amount\"><bdi>4.50<span class=\"woocommerce-Price-currencySymbol\">&#36;<\/span><\/bdi><\/span><\/span><\/span>\n<\/a><a href=\"\/hr\/wp-json\/wp\/v2\/product\/5039?add-to-cart=3594\" aria-describedby=\"woocommerce_loop_add_to_cart_link_describedby_3594\" data-quantity=\"1\" class=\"button product_type_simple add_to_cart_button ajax_add_to_cart\" data-product_id=\"3594\" data-product_sku=\"MP02E.E11-15\" aria-label=\"Dodaj u ko\u0161aricu: &quot;JGAM - First expansion pack - 5 additional characters&quot;\" rel=\"nofollow\" data-success_message=\"&quot;JGAM - First expansion pack - 5 additional characters&quot; je dodan u va\u0161u ko\u0161aricu\" role=\"button\" data-no-translation=\"\" data-trp-gettext=\"\" data-no-translation-aria-label=\"\" data-no-translation-data-success_message=\"\">Dodaj u ko\u0161aricu<\/a>\t<span id=\"woocommerce_loop_add_to_cart_link_describedby_3594\" class=\"screen-reader-text\">\n\t\t\t<\/span>\n<\/li>\n<li class=\"product type-product post-3592 status-publish instock product_cat-expansion-packs product_tag-expansion-packs product_tag-1920s has-post-thumbnail downloadable virtual taxable purchasable product-type-simple\">\n\t<a href=\"https:\/\/www.mmmysterygames.com\/hr\/proizvod\/jgam-second-expansion-pack\/\" class=\"woocommerce-LoopProduct-link woocommerce-loop-product__link\"><img decoding=\"async\" width=\"300\" height=\"280\" src=\"https:\/\/www.mmmysterygames.com\/wp-content\/uploads\/2020\/11\/JGAM-Packs-02-1-300x280.png\" class=\"attachment-woocommerce_thumbnail size-woocommerce_thumbnail\" alt=\"JGAM-Packs-02-1\" srcset=\"https:\/\/www.mmmysterygames.com\/wp-content\/uploads\/2020\/11\/JGAM-Packs-02-1-300x280.png 300w, https:\/\/www.mmmysterygames.com\/wp-content\/uploads\/2020\/11\/JGAM-Packs-02-1-14x12.png 14w\" sizes=\"(max-width: 300px) 100vw, 300px\" \/><h2 class=\"woocommerce-loop-product__title\">JGAM \u2013 Drugi paket \u2013 5 dodatnih likova<\/h2>\n\t<span class=\"price\"><span class=\"woocs_price_code\" data-currency=\"\" data-redraw-id=\"69fa85ef97acc\"  data-product-id=\"3592\"><span class=\"woocommerce-Price-amount amount\"><bdi>4.50<span class=\"woocommerce-Price-currencySymbol\">&#36;<\/span><\/bdi><\/span><\/span><\/span>\n<\/a><a href=\"\/hr\/wp-json\/wp\/v2\/product\/5039?add-to-cart=3592\" aria-describedby=\"woocommerce_loop_add_to_cart_link_describedby_3592\" data-quantity=\"1\" class=\"button product_type_simple add_to_cart_button ajax_add_to_cart\" data-product_id=\"3592\" data-product_sku=\"MP02E.E16-20\" aria-label=\"Dodaj u ko\u0161aricu: &quot;JGAM - Second expansion pack - 5 additional characters&quot;\" rel=\"nofollow\" data-success_message=\"&quot;JGAM - Second expansion pack - 5 additional characters&quot; je dodan u va\u0161u ko\u0161aricu\" role=\"button\" data-no-translation=\"\" data-trp-gettext=\"\" data-no-translation-aria-label=\"\" data-no-translation-data-success_message=\"\">Dodaj u ko\u0161aricu<\/a>\t<span id=\"woocommerce_loop_add_to_cart_link_describedby_3592\" class=\"screen-reader-text\">\n\t\t\t<\/span>\n<\/li>\n<li class=\"product type-product post-3588 status-publish instock product_cat-expansion-packs product_tag-expansion-packs product_tag-1920s has-post-thumbnail downloadable virtual taxable purchasable product-type-simple\">\n\t<a href=\"https:\/\/www.mmmysterygames.com\/hr\/proizvod\/jgam-third-expansion-pack\/\" class=\"woocommerce-LoopProduct-link woocommerce-loop-product__link\"><img decoding=\"async\" width=\"300\" height=\"280\" src=\"https:\/\/www.mmmysterygames.com\/wp-content\/uploads\/2020\/11\/JGAM-Packs-03-1-300x280.png\" class=\"attachment-woocommerce_thumbnail size-woocommerce_thumbnail\" alt=\"JGAM-Packs-03-1\" srcset=\"https:\/\/www.mmmysterygames.com\/wp-content\/uploads\/2020\/11\/JGAM-Packs-03-1-300x280.png 300w, https:\/\/www.mmmysterygames.com\/wp-content\/uploads\/2020\/11\/JGAM-Packs-03-1-14x12.png 14w\" sizes=\"(max-width: 300px) 100vw, 300px\" \/><h2 class=\"woocommerce-loop-product__title\">JGAM \u2013 Tre\u0107i paket \u2013 10 dodatnih likova<\/h2>\n\t<span class=\"price\"><span class=\"woocs_price_code\" data-currency=\"\" data-redraw-id=\"69fa85ef990ea\"  data-product-id=\"3588\"><span class=\"woocommerce-Price-amount amount\"><bdi>6.98<span class=\"woocommerce-Price-currencySymbol\">&#36;<\/span><\/bdi><\/span><\/span><\/span>\n<\/a><a href=\"\/hr\/wp-json\/wp\/v2\/product\/5039?add-to-cart=3588\" aria-describedby=\"woocommerce_loop_add_to_cart_link_describedby_3588\" data-quantity=\"1\" class=\"button product_type_simple add_to_cart_button ajax_add_to_cart\" data-product_id=\"3588\" data-product_sku=\"MP02E.E21-30\" aria-label=\"Dodaj u ko\u0161aricu: &quot;JGAM - Third expansion pack - 10 additional characters&quot;\" rel=\"nofollow\" data-success_message=\"&quot;JGAM - Third expansion pack - 10 additional characters&quot; je dodan u va\u0161u ko\u0161aricu\" role=\"button\" data-no-translation=\"\" data-trp-gettext=\"\" data-no-translation-aria-label=\"\" data-no-translation-data-success_message=\"\">Dodaj u ko\u0161aricu<\/a>\t<span id=\"woocommerce_loop_add_to_cart_link_describedby_3588\" class=\"screen-reader-text\">\n\t\t\t<\/span>\n<\/li>\n<\/ul>\n<\/div>\t\t\t\t<\/div>\n\t\t\t\t<\/div>\n\t\t\t\t\t<\/div>\n\t\t<\/div>\n\t\t\t\t\t<\/div>\n\t\t<\/section>\n\t\t\t\t<\/div>","protected":false},"excerpt":{"rendered":"<p>20-e godine pro\u0161log stolje\u0107a su uzbudljivo desetlje\u0107e u Chicagu, SAD. Iako je prohibicijom zabranjeno to\u010denje alkohola, na svakom uglu je neki speakeasy (ilegalni klub gdje se poslu\u017euju zabranjena alkoholna pi\u0107a) u kojem caruju gin i jazz. Me\u0111utim, nali\u010dje grada Chicaga su gangsteri koji vladaju gradom. Najgori kriminalci su \u010dlanovi Zlatne i Plave bande koje su u biznisu krijum\u010darenja alkoholnih pi\u0107a, kojeg obje bande \u017eele kontrolirati.<\/p>\n<p>Ovi ozlogla\u0161eni gangsteri uvijek se pobrinu da dobiju ono \u0161to \u017eele pa makar to zna\u010dilo da \u0107e iza sebe ostaviti i poneku \u017ertvu.<\/p>\n<p>&nbsp;<\/p>\n<p style=\"color: #641f47;\">Ovo je osnovna igra za 8 do 10 igra\u010da.<\/p>\n<p><strong><a style=\"color: #641f47;\" href=\"#packs\">Dostupne pakete s dodatnim likovima mo\u017eete prona\u0107i ni\u017ee na stranici, za ukupno do 30 igra\u010da.<\/a><\/strong><\/p>","protected":false},"featured_media":3419,"template":"","meta":{"_monsterinsights_skip_tracking":false,"_monsterinsights_sitenote_active":false,"_monsterinsights_sitenote_note":"","_monsterinsights_sitenote_category":0},"product_brand":[],"product_cat":[168,15],"product_tag":[114,159,209,227,218,413],"class_list":{"0":"post-5039","1":"product","2":"type-product","3":"status-publish","4":"has-post-thumbnail","6":"product_cat-mystery-parties","7":"product_cat-dinner-mystery","8":"product_tag-adults","9":"product_tag-murder-mystery","10":"product_tag-1920s","11":"product_tag-8-30-players","12":"product_tag-medium","13":"product_tag-in-person-mystery","15":"first","16":"instock","17":"featured","18":"downloadable","19":"virtual","20":"taxable","21":"purchasable","22":"product-type-simple"},"aioseo_notices":[],"_links":{"self":[{"href":"https:\/\/www.mmmysterygames.com\/hr\/wp-json\/wp\/v2\/product\/5039","targetHints":{"allow":["GET"]}}],"collection":[{"href":"https:\/\/www.mmmysterygames.com\/hr\/wp-json\/wp\/v2\/product"}],"about":[{"href":"https:\/\/www.mmmysterygames.com\/hr\/wp-json\/wp\/v2\/types\/product"}],"version-history":[{"count":33,"href":"https:\/\/www.mmmysterygames.com\/hr\/wp-json\/wp\/v2\/product\/5039\/revisions"}],"predecessor-version":[{"id":8809,"href":"https:\/\/www.mmmysterygames.com\/hr\/wp-json\/wp\/v2\/product\/5039\/revisions\/8809"}],"wp:featuredmedia":[{"embeddable":true,"href":"https:\/\/www.mmmysterygames.com\/hr\/wp-json\/wp\/v2\/media\/3419"}],"wp:attachment":[{"href":"https:\/\/www.mmmysterygames.com\/hr\/wp-json\/wp\/v2\/media?parent=5039"}],"wp:term":[{"taxonomy":"product_brand","embeddable":true,"href":"https:\/\/www.mmmysterygames.com\/hr\/wp-json\/wp\/v2\/product_brand?post=5039"},{"taxonomy":"product_cat","embeddable":true,"href":"https:\/\/www.mmmysterygames.com\/hr\/wp-json\/wp\/v2\/product_cat?post=5039"},{"taxonomy":"product_tag","embeddable":true,"href":"https:\/\/www.mmmysterygames.com\/hr\/wp-json\/wp\/v2\/product_tag?post=5039"}],"curies":[{"name":"wp","href":"https:\/\/api.w.org\/{rel}","templated":true}]}}