{"id":4817,"date":"2021-12-01T08:35:44","date_gmt":"2021-12-01T07:35:44","guid":{"rendered":"https:\/\/www.theigra.com\/?post_type=product&#038;p=4817"},"modified":"2026-04-15T00:35:44","modified_gmt":"2026-04-14T22:35:44","slug":"who-stole-the-christmas-tree-star","status":"publish","type":"product","link":"https:\/\/www.mmmysterygames.com\/hr\/proizvod\/who-stole-the-christmas-tree-star\/","title":{"rendered":"Tko je ukrao zvijezdu s bo\u017ei\u0107nog drvca"},"content":{"rendered":"<p>Ovo je mali lov na blago s bo\u017ei\u0107nom tematikom koji mo\u017eete organizirati za va\u0161e klince.<\/p>\n<p>Sve \u0161to vam treba je:<br \/>\n- ova knji\u017eica<br \/>\n- \u0161karice \u2013 za izrezati poruke na sljede\u0107oj strani<br \/>\n- poklon ili neko iznena\u0111enje za va\u0161e malene<\/p>\n<p>Sakrijte poruke po stanu kako bi mogli slijediti tragove i prona\u0107i pet skrivenih poruka.<\/p>","protected":false},"excerpt":{"rendered":"<p>Ovo je mali lov na blago s bo\u017ei\u0107nom tematikom koji mo\u017eete organizirati za va\u0161e klince.<\/p>\n<p>Sve \u0161to vam treba je:<br \/>\n- ova knji\u017eica<br \/>\n- \u0161karice \u2013 za izrezati poruke na sljede\u0107oj strani<br \/>\n- poklon ili neko iznena\u0111enje za va\u0161e malene<\/p>\n<p>Sakrijte poruke po stanu kako bi mogli slijediti tragove i prona\u0107i pet skrivenih poruka.<\/p>","protected":false},"featured_media":4822,"template":"","meta":{"_monsterinsights_skip_tracking":false,"_monsterinsights_sitenote_active":false,"_monsterinsights_sitenote_note":"","_monsterinsights_sitenote_category":0},"product_brand":[],"product_cat":[26],"product_tag":[160,211,410],"class_list":{"0":"post-4817","1":"product","2":"type-product","3":"status-publish","4":"has-post-thumbnail","6":"product_cat-kids-teens","7":"product_tag-kids","8":"product_tag-christmas","9":"product_tag-scavenger-hunt","11":"first","12":"instock","13":"downloadable","14":"virtual","15":"taxable","16":"purchasable","17":"product-type-simple"},"aioseo_notices":[],"_links":{"self":[{"href":"https:\/\/www.mmmysterygames.com\/hr\/wp-json\/wp\/v2\/product\/4817","targetHints":{"allow":["GET"]}}],"collection":[{"href":"https:\/\/www.mmmysterygames.com\/hr\/wp-json\/wp\/v2\/product"}],"about":[{"href":"https:\/\/www.mmmysterygames.com\/hr\/wp-json\/wp\/v2\/types\/product"}],"version-history":[{"count":3,"href":"https:\/\/www.mmmysterygames.com\/hr\/wp-json\/wp\/v2\/product\/4817\/revisions"}],"predecessor-version":[{"id":9138,"href":"https:\/\/www.mmmysterygames.com\/hr\/wp-json\/wp\/v2\/product\/4817\/revisions\/9138"}],"wp:featuredmedia":[{"embeddable":true,"href":"https:\/\/www.mmmysterygames.com\/hr\/wp-json\/wp\/v2\/media\/4822"}],"wp:attachment":[{"href":"https:\/\/www.mmmysterygames.com\/hr\/wp-json\/wp\/v2\/media?parent=4817"}],"wp:term":[{"taxonomy":"product_brand","embeddable":true,"href":"https:\/\/www.mmmysterygames.com\/hr\/wp-json\/wp\/v2\/product_brand?post=4817"},{"taxonomy":"product_cat","embeddable":true,"href":"https:\/\/www.mmmysterygames.com\/hr\/wp-json\/wp\/v2\/product_cat?post=4817"},{"taxonomy":"product_tag","embeddable":true,"href":"https:\/\/www.mmmysterygames.com\/hr\/wp-json\/wp\/v2\/product_tag?post=4817"}],"curies":[{"name":"wp","href":"https:\/\/api.w.org\/{rel}","templated":true}]}}