{"id":4044,"date":"2021-06-04T12:39:47","date_gmt":"2021-06-04T10:39:47","guid":{"rendered":"http:\/\/www.theigra.com\/?post_type=product&#038;p=4044"},"modified":"2025-01-10T10:52:49","modified_gmt":"2025-01-10T09:52:49","slug":"ddwc-third-expansion-pack","status":"publish","type":"product","link":"https:\/\/www.mmmysterygames.com\/hr\/proizvod\/ddwc-third-expansion-pack\/","title":{"rendered":"DDWC \u2013 Tre\u0107i paket \u2013 10 dodatnih likova"},"content":{"rendered":"<p>Tre\u0107i paket: 10 dodatnih likova (jedan mu\u0161ki, dva \u017eenska, sedam neutralnih) - do ukupno 30 igra\u010da<\/p>","protected":false},"excerpt":{"rendered":"<p>Tre\u0107i paket: 10 dodatnih likova (jedan mu\u0161ki, dva \u017eenska, sedam neutralnih) - do ukupno 30 igra\u010da<\/p>","protected":false},"featured_media":4051,"template":"","meta":{"_monsterinsights_skip_tracking":false,"_monsterinsights_sitenote_active":false,"_monsterinsights_sitenote_note":"","_monsterinsights_sitenote_category":0},"product_brand":[],"product_cat":[107],"product_tag":[165],"class_list":{"0":"post-4044","1":"product","2":"type-product","3":"status-publish","4":"has-post-thumbnail","6":"product_cat-expansion-packs","7":"product_tag-expansion-packs","9":"first","10":"instock","11":"downloadable","12":"virtual","13":"taxable","14":"purchasable","15":"product-type-simple"},"aioseo_notices":[],"_links":{"self":[{"href":"https:\/\/www.mmmysterygames.com\/hr\/wp-json\/wp\/v2\/product\/4044","targetHints":{"allow":["GET"]}}],"collection":[{"href":"https:\/\/www.mmmysterygames.com\/hr\/wp-json\/wp\/v2\/product"}],"about":[{"href":"https:\/\/www.mmmysterygames.com\/hr\/wp-json\/wp\/v2\/types\/product"}],"version-history":[{"count":3,"href":"https:\/\/www.mmmysterygames.com\/hr\/wp-json\/wp\/v2\/product\/4044\/revisions"}],"predecessor-version":[{"id":5103,"href":"https:\/\/www.mmmysterygames.com\/hr\/wp-json\/wp\/v2\/product\/4044\/revisions\/5103"}],"wp:featuredmedia":[{"embeddable":true,"href":"https:\/\/www.mmmysterygames.com\/hr\/wp-json\/wp\/v2\/media\/4051"}],"wp:attachment":[{"href":"https:\/\/www.mmmysterygames.com\/hr\/wp-json\/wp\/v2\/media?parent=4044"}],"wp:term":[{"taxonomy":"product_brand","embeddable":true,"href":"https:\/\/www.mmmysterygames.com\/hr\/wp-json\/wp\/v2\/product_brand?post=4044"},{"taxonomy":"product_cat","embeddable":true,"href":"https:\/\/www.mmmysterygames.com\/hr\/wp-json\/wp\/v2\/product_cat?post=4044"},{"taxonomy":"product_tag","embeddable":true,"href":"https:\/\/www.mmmysterygames.com\/hr\/wp-json\/wp\/v2\/product_tag?post=4044"}],"curies":[{"name":"wp","href":"https:\/\/api.w.org\/{rel}","templated":true}]}}