{"id":4042,"date":"2021-06-04T12:37:47","date_gmt":"2021-06-04T10:37:47","guid":{"rendered":"http:\/\/www.theigra.com\/?post_type=product&#038;p=4042"},"modified":"2025-01-10T10:52:50","modified_gmt":"2025-01-10T09:52:50","slug":"ddwc-first-expansion-pack","status":"publish","type":"product","link":"https:\/\/www.mmmysterygames.com\/hr\/proizvod\/ddwc-first-expansion-pack\/","title":{"rendered":"DDWC \u2013 Prvi paket \u2013 5 dodatnih likova"},"content":{"rendered":"<p>Prvi paket: 5 dodatnih likova (jedan mu\u0161ki, jedan \u017eenski, tri neutralna) - do ukupno 15 igra\u010da<\/p>","protected":false},"excerpt":{"rendered":"<p>Prvi paket: 5 dodatnih likova (jedan mu\u0161ki, jedan \u017eenski, tri neutralna) - do ukupno 15 igra\u010da<\/p>","protected":false},"featured_media":4052,"template":"","meta":{"_monsterinsights_skip_tracking":false,"_monsterinsights_sitenote_active":false,"_monsterinsights_sitenote_note":"","_monsterinsights_sitenote_category":0},"product_brand":[],"product_cat":[107],"product_tag":[165],"class_list":{"0":"post-4042","1":"product","2":"type-product","3":"status-publish","4":"has-post-thumbnail","6":"product_cat-expansion-packs","7":"product_tag-expansion-packs","9":"first","10":"instock","11":"downloadable","12":"virtual","13":"taxable","14":"purchasable","15":"product-type-simple"},"aioseo_notices":[],"_links":{"self":[{"href":"https:\/\/www.mmmysterygames.com\/hr\/wp-json\/wp\/v2\/product\/4042","targetHints":{"allow":["GET"]}}],"collection":[{"href":"https:\/\/www.mmmysterygames.com\/hr\/wp-json\/wp\/v2\/product"}],"about":[{"href":"https:\/\/www.mmmysterygames.com\/hr\/wp-json\/wp\/v2\/types\/product"}],"version-history":[{"count":3,"href":"https:\/\/www.mmmysterygames.com\/hr\/wp-json\/wp\/v2\/product\/4042\/revisions"}],"predecessor-version":[{"id":5094,"href":"https:\/\/www.mmmysterygames.com\/hr\/wp-json\/wp\/v2\/product\/4042\/revisions\/5094"}],"wp:featuredmedia":[{"embeddable":true,"href":"https:\/\/www.mmmysterygames.com\/hr\/wp-json\/wp\/v2\/media\/4052"}],"wp:attachment":[{"href":"https:\/\/www.mmmysterygames.com\/hr\/wp-json\/wp\/v2\/media?parent=4042"}],"wp:term":[{"taxonomy":"product_brand","embeddable":true,"href":"https:\/\/www.mmmysterygames.com\/hr\/wp-json\/wp\/v2\/product_brand?post=4042"},{"taxonomy":"product_cat","embeddable":true,"href":"https:\/\/www.mmmysterygames.com\/hr\/wp-json\/wp\/v2\/product_cat?post=4042"},{"taxonomy":"product_tag","embeddable":true,"href":"https:\/\/www.mmmysterygames.com\/hr\/wp-json\/wp\/v2\/product_tag?post=4042"}],"curies":[{"name":"wp","href":"https:\/\/api.w.org\/{rel}","templated":true}]}}