{"id":3443,"date":"2020-10-21T13:44:22","date_gmt":"2020-10-21T11:44:22","guid":{"rendered":"http:\/\/theigra.cwebspace.com\/?post_type=product&#038;p=3443"},"modified":"2026-04-15T01:02:26","modified_gmt":"2026-04-14T23:02:26","slug":"cruising-for-trouble","status":"publish","type":"product","link":"https:\/\/www.mmmysterygames.com\/hr\/proizvod\/cruising-for-trouble\/","title":{"rendered":"Nevolje na krstarenju"},"content":{"rendered":"<div data-elementor-type=\"product-post\" data-elementor-id=\"3443\" class=\"elementor elementor-3443\">\n\t\t\t\t\t\t<section class=\"elementor-section elementor-top-section elementor-element elementor-element-17e934fd elementor-section-boxed elementor-section-height-default elementor-section-height-default\" data-id=\"17e934fd\" data-element_type=\"section\">\n\t\t\t\t\t\t<div class=\"elementor-container elementor-column-gap-default\">\n\t\t\t\t\t<div class=\"elementor-column elementor-col-100 elementor-top-column elementor-element elementor-element-3bc60a60\" data-id=\"3bc60a60\" data-element_type=\"column\">\n\t\t\t<div class=\"elementor-widget-wrap elementor-element-populated\">\n\t\t\t\t\t\t<div class=\"elementor-element elementor-element-4e6cef48 elementor-widget elementor-widget-text-editor\" data-id=\"4e6cef48\" data-element_type=\"widget\" data-widget_type=\"text-editor.default\">\n\t\t\t\t<div class=\"elementor-widget-container\">\n\t\t\t\t\t\t\t\t\t<p>Obitelji iz cijelog svijeta isplovile su na kruzeru Mega Mermaid, na prvo krstarenje ovog broda. Mnogi od putnika su tinejd\u017eeri koji svoje vrijeme krate igraju\u0107i razne igre i sportove. Najva\u017enija ve\u010der ovog tjedna biti \u0107e dodjela glavne nagrade \u2013 trofeja kojeg je potpisala najve\u0107a svjetska POP zvijezda, Bounc\u00e9, prije odlaska u samostan gdje \u0107e provesti ostatak \u017eivota. Svi su jaaako uzbu\u0111eni \u2013 tko li \u0107e pobijediti?<br \/>Ali, trofej je nestao! Tko ga je mogao uzeti i gdje se sad nalazi? Da li je to mo\u017eda neki \u010dlan posade koji ga je htio dr\u017eati podalje od putnika? Neki od igra\u010da koji nema nikakve \u0161anse da ga osvoji fer igrom? Neki promatra\u010d koji je htio svima pokvariti natjecanje?<br \/>Ili si to mo\u017eda\u2026 TI!<\/p><p>\u00a0<\/p><p><strong>This game is intended to be played by teens or young adults, but can be used for adult parties as well.<\/strong><\/p><p>The game is played in 4 Rounds. Through the game the players learn new secrets about themselves, the detective reveals some facts from the investigation, players receive new information about other characters&#8217; motives for the theft and finally&#8230; they prepare their accusations.<\/p><p>\u00a0<\/p><p><strong>Sa svakom kupnjom dobivate:<\/strong><\/p><p>\u2013 Vodi\u010d za doma\u0107ina<br \/>\u2013 Pravila igre<br \/>\u2013 Popis likova<br \/>\u2013 Kartice s imenima<br \/>\u2013 Pozivnicu<br \/>&#8211; Detective Script and mp3 audio<br \/>&#8211; Character Cards for each round<\/p><p>Svi materijali se printaju na A4 papirima i ne moraju se izrezivati (osim kartica s imenima).<\/p><p>The Game is not in script form, the characters are only given the facts to talk about. Only Detective, who gives a speech in each round, has a script but it can also be played since you get an mp3 audio file.<\/p><p>I doma\u0107in mo\u017ee igrati<br \/>Doma\u0107in mo\u017ee igrati neku ulogu, i tko zna, mo\u017eda \u0107e na kraju ba\u0161 on biti osumnji\u010den.<br \/>U drugoj rundi \u0107e \u017ertva pasti i ubojica \u0107e saznati da je kriv.<\/p><p>\u00a0<\/p><p><strong>Plan igre<\/strong><\/p><p>Krug 1: Dru\u017eenje<br \/>A Detective reveals some initial news about the theft. Players read information about their role and are told to share it with as many other players as possible. They also learn a secret about themselves that they need to keep.<\/p><p>Round 2: The Motive<br \/>The Detective reveals some facts from the investigation. Players receive new information about other characters\u2019 motives for the theft. They can either question the people they suspect, try to uncover other characters\u2019 secrets, or spread gossip. Only the Thief is allowed to lie; everyone else is instructed to bluster, change the subject, and so on, but always tell the truth.<\/p><p>Round 3: The Method<br \/>The Detective reveals more information from the investigation, while other players receive more facts to share, as in Round 2. At this point, some players should be able to make a sensible guess about the Thief.<\/p><p>Round 4: Accusations, Alibis, and a Confession<br \/>Players prepare their accusations. The Host keeps track of all the accusations, then calls on anyone with an alibi to share it. This repeats until only one player is left. The Detective makes one final accusation, and the Thief confesses.<\/p>\t\t\t\t\t\t\t\t<\/div>\n\t\t\t\t<\/div>\n\t\t\t\t\t<\/div>\n\t\t<\/div>\n\t\t\t\t\t<\/div>\n\t\t<\/section>\n\t\t\t\t<section class=\"elementor-section elementor-top-section elementor-element elementor-element-5af1396 elementor-section-boxed elementor-section-height-default elementor-section-height-default\" data-id=\"5af1396\" data-element_type=\"section\">\n\t\t\t\t\t\t<div class=\"elementor-container elementor-column-gap-default\">\n\t\t\t\t\t<div class=\"elementor-column elementor-col-100 elementor-top-column elementor-element elementor-element-bf735ab\" data-id=\"bf735ab\" data-element_type=\"column\">\n\t\t\t<div class=\"elementor-widget-wrap elementor-element-populated\">\n\t\t\t\t\t\t<div class=\"elementor-element elementor-element-625dec6 elementor-widget elementor-widget-text-editor\" data-id=\"625dec6\" data-element_type=\"widget\" id=\"packs\" data-widget_type=\"text-editor.default\">\n\t\t\t\t<div class=\"elementor-widget-container\">\n\t\t\t\t\t\t\t\t\t<h4>DODATNI PAKETI<\/h4>\t\t\t\t\t\t\t\t<\/div>\n\t\t\t\t<\/div>\n\t\t\t\t<div class=\"elementor-element elementor-element-a53a842 elementor-grid-4 elementor-grid-tablet-3 elementor-grid-mobile-2 elementor-products-grid elementor-wc-products elementor-widget elementor-widget-woocommerce-products\" data-id=\"a53a842\" data-element_type=\"widget\" data-widget_type=\"woocommerce-products.default\">\n\t\t\t\t<div class=\"elementor-widget-container\">\n\t\t\t\t\t<div class=\"woocommerce columns-4\"><span class=\"wpfHidden\" data-shortcode-attribute=\"{&quot;limit&quot;:&quot;-1&quot;,&quot;columns&quot;:4,&quot;rows&quot;:4,&quot;orderby&quot;:&quot;&quot;,&quot;order&quot;:&quot;&quot;,&quot;ids&quot;:&quot;&quot;,&quot;skus&quot;:&quot;&quot;,&quot;category&quot;:&quot;&quot;,&quot;cat_operator&quot;:&quot;IN&quot;,&quot;attribute&quot;:&quot;&quot;,&quot;terms&quot;:&quot;&quot;,&quot;terms_operator&quot;:&quot;IN&quot;,&quot;tag&quot;:&quot;&quot;,&quot;tag_operator&quot;:&quot;IN&quot;,&quot;visibility&quot;:&quot;visible&quot;,&quot;class&quot;:&quot;&quot;,&quot;page&quot;:1,&quot;paginate&quot;:&quot;&quot;,&quot;cache&quot;:false}\"><\/span><ul class=\"products elementor-grid columns-4\">\n<li class=\"product type-product post-3488 status-publish first instock product_cat-expansion-packs product_tag-expansion-packs has-post-thumbnail downloadable virtual taxable purchasable product-type-simple\">\n\t<a href=\"https:\/\/www.mmmysterygames.com\/hr\/proizvod\/cft-first-expansion-pack\/\" class=\"woocommerce-LoopProduct-link woocommerce-loop-product__link\"><img fetchpriority=\"high\" decoding=\"async\" width=\"300\" height=\"280\" src=\"https:\/\/www.mmmysterygames.com\/wp-content\/uploads\/2020\/11\/CFT-Packs-01-1-300x280.png\" class=\"attachment-woocommerce_thumbnail size-woocommerce_thumbnail\" alt=\"CFT-Packs-01-1\" srcset=\"https:\/\/www.mmmysterygames.com\/wp-content\/uploads\/2020\/11\/CFT-Packs-01-1-300x280.png 300w, https:\/\/www.mmmysterygames.com\/wp-content\/uploads\/2020\/11\/CFT-Packs-01-1-14x12.png 14w\" sizes=\"(max-width: 300px) 100vw, 300px\" \/><h2 class=\"woocommerce-loop-product__title\">CFT \u2013 Prvi paket \u2013 5 dodatnih likova<\/h2>\n\t<span class=\"price\"><span class=\"woocs_price_code\" data-currency=\"\" data-redraw-id=\"6a039f282b8de\"  data-product-id=\"3488\"><span class=\"woocommerce-Price-amount amount\"><bdi>4.53<span class=\"woocommerce-Price-currencySymbol\">&#36;<\/span><\/bdi><\/span><\/span><\/span>\n<\/a><a href=\"\/hr\/wp-json\/wp\/v2\/product\/3443?add-to-cart=3488\" aria-describedby=\"woocommerce_loop_add_to_cart_link_describedby_3488\" data-quantity=\"1\" class=\"button product_type_simple add_to_cart_button ajax_add_to_cart\" data-product_id=\"3488\" data-product_sku=\"NP01E.E11-15\" aria-label=\"Dodaj u ko\u0161aricu: &quot;CFT - First expansion pack - 5 additional characters&quot;\" rel=\"nofollow\" data-success_message=\"&quot;CFT - First expansion pack - 5 additional characters&quot; je dodan u va\u0161u ko\u0161aricu\" role=\"button\" data-no-translation=\"\" data-trp-gettext=\"\" data-no-translation-aria-label=\"\" data-no-translation-data-success_message=\"\">Dodaj u ko\u0161aricu<\/a>\t<span id=\"woocommerce_loop_add_to_cart_link_describedby_3488\" class=\"screen-reader-text\">\n\t\t\t<\/span>\n<\/li>\n<li class=\"product type-product post-3491 status-publish instock product_cat-expansion-packs product_tag-expansion-packs has-post-thumbnail downloadable virtual taxable purchasable product-type-simple\">\n\t<a href=\"https:\/\/www.mmmysterygames.com\/hr\/proizvod\/cft-second-expansion-pack\/\" class=\"woocommerce-LoopProduct-link woocommerce-loop-product__link\"><img decoding=\"async\" width=\"300\" height=\"280\" src=\"https:\/\/www.mmmysterygames.com\/wp-content\/uploads\/2020\/11\/CFT-Packs-02-1-300x280.png\" class=\"attachment-woocommerce_thumbnail size-woocommerce_thumbnail\" alt=\"CFT-Packs-02-1\" srcset=\"https:\/\/www.mmmysterygames.com\/wp-content\/uploads\/2020\/11\/CFT-Packs-02-1-300x280.png 300w, https:\/\/www.mmmysterygames.com\/wp-content\/uploads\/2020\/11\/CFT-Packs-02-1-14x12.png 14w\" sizes=\"(max-width: 300px) 100vw, 300px\" \/><h2 class=\"woocommerce-loop-product__title\">CFT \u2013 Drugi paket \u2013 5 dodatnih likova<\/h2>\n\t<span class=\"price\"><span class=\"woocs_price_code\" data-currency=\"\" data-redraw-id=\"6a039f282c86b\"  data-product-id=\"3491\"><span class=\"woocommerce-Price-amount amount\"><bdi>4.53<span class=\"woocommerce-Price-currencySymbol\">&#36;<\/span><\/bdi><\/span><\/span><\/span>\n<\/a><a href=\"\/hr\/wp-json\/wp\/v2\/product\/3443?add-to-cart=3491\" aria-describedby=\"woocommerce_loop_add_to_cart_link_describedby_3491\" data-quantity=\"1\" class=\"button product_type_simple add_to_cart_button ajax_add_to_cart\" data-product_id=\"3491\" data-product_sku=\"NP01E.E16-20\" aria-label=\"Dodaj u ko\u0161aricu: &quot;CFT - Second expansion pack - 5 additional characters&quot;\" rel=\"nofollow\" data-success_message=\"&quot;CFT - Second expansion pack - 5 additional characters&quot; je dodan u va\u0161u ko\u0161aricu\" role=\"button\" data-no-translation=\"\" data-trp-gettext=\"\" data-no-translation-aria-label=\"\" data-no-translation-data-success_message=\"\">Dodaj u ko\u0161aricu<\/a>\t<span id=\"woocommerce_loop_add_to_cart_link_describedby_3491\" class=\"screen-reader-text\">\n\t\t\t<\/span>\n<\/li>\n<li class=\"product type-product post-3590 status-publish instock product_cat-expansion-packs product_tag-expansion-packs has-post-thumbnail downloadable virtual taxable purchasable product-type-simple\">\n\t<a href=\"https:\/\/www.mmmysterygames.com\/hr\/proizvod\/cft-third-expansion-pack\/\" class=\"woocommerce-LoopProduct-link woocommerce-loop-product__link\"><img decoding=\"async\" width=\"300\" height=\"280\" src=\"https:\/\/www.mmmysterygames.com\/wp-content\/uploads\/2020\/11\/CFT-Packs-03-1-300x280.png\" class=\"attachment-woocommerce_thumbnail size-woocommerce_thumbnail\" alt=\"CFT-Packs-03-1\" srcset=\"https:\/\/www.mmmysterygames.com\/wp-content\/uploads\/2020\/11\/CFT-Packs-03-1-300x280.png 300w, https:\/\/www.mmmysterygames.com\/wp-content\/uploads\/2020\/11\/CFT-Packs-03-1-14x12.png 14w\" sizes=\"(max-width: 300px) 100vw, 300px\" \/><h2 class=\"woocommerce-loop-product__title\">CFT \u2013 Tre\u0107i paket \u2013 10 dodatnih likova<\/h2>\n\t<span class=\"price\"><span class=\"woocs_price_code\" data-currency=\"\" data-redraw-id=\"6a039f282dbfe\"  data-product-id=\"3590\"><span class=\"woocommerce-Price-amount amount\"><bdi>7.02<span class=\"woocommerce-Price-currencySymbol\">&#36;<\/span><\/bdi><\/span><\/span><\/span>\n<\/a><a href=\"\/hr\/wp-json\/wp\/v2\/product\/3443?add-to-cart=3590\" aria-describedby=\"woocommerce_loop_add_to_cart_link_describedby_3590\" data-quantity=\"1\" class=\"button product_type_simple add_to_cart_button ajax_add_to_cart\" data-product_id=\"3590\" data-product_sku=\"NP01E.E21-30\" aria-label=\"Dodaj u ko\u0161aricu: &quot;CFT - Third expansion pack - 10 additional characters&quot;\" rel=\"nofollow\" data-success_message=\"&quot;CFT - Third expansion pack - 10 additional characters&quot; je dodan u va\u0161u ko\u0161aricu\" role=\"button\" data-no-translation=\"\" data-trp-gettext=\"\" data-no-translation-aria-label=\"\" data-no-translation-data-success_message=\"\">Dodaj u ko\u0161aricu<\/a>\t<span id=\"woocommerce_loop_add_to_cart_link_describedby_3590\" class=\"screen-reader-text\">\n\t\t\t<\/span>\n<\/li>\n<\/ul>\n<\/div>\t\t\t\t<\/div>\n\t\t\t\t<\/div>\n\t\t\t\t\t<\/div>\n\t\t<\/div>\n\t\t\t\t\t<\/div>\n\t\t<\/section>\n\t\t\t\t<\/div>","protected":false},"excerpt":{"rendered":"<p>Obitelji iz cijelog svijeta isplovile su na kruzeru Mega Mermaid, na prvo krstarenje ovog broda. Mnogi od putnika su tinejd\u017eeri koji svoje vrijeme krate igraju\u0107i razne igre i sportove. Najva\u017enija ve\u010der ovog tjedna biti \u0107e dodjela glavne nagrade \u2013 trofeja kojeg je potpisala najve\u0107a svjetska POP zvijezda, Bounc\u00e9, prije odlaska u samostan gdje \u0107e provesti ostatak \u017eivota. Svi su jaaako uzbu\u0111eni \u2013 tko li \u0107e pobijediti?<\/p>\n<p>Ali, trofej je nestao! Tko ga je mogao uzeti i gdje se sad nalazi? Da li je to mo\u017eda neki \u010dlan posade koji ga je htio dr\u017eati podalje od putnika? Neki od igra\u010da koji nema nikakve \u0161anse da ga osvoji fer igrom? Neki promatra\u010d koji je htio svima pokvariti natjecanje?<br \/>\nIli si to mo\u017eda\u2026 TI!<\/p>\n<p>&nbsp;<\/p>\n<p style=\"color: #641f47;\">This is a non murder mystery game for 8 to 10 players.<\/p>\n<p><strong><a style=\"color: #641f47;\" href=\"#packs\">Dostupne pakete s dodatnim likovima mo\u017eete prona\u0107i ni\u017ee na stranici, za ukupno do 30 igra\u010da.<\/a><\/strong><\/p>\n<p>This game is intended to be played by teens or young adults, but can be used for adult parties as well.<\/p>\n<p>&nbsp;<\/p>","protected":false},"featured_media":3417,"template":"","meta":{"_monsterinsights_skip_tracking":false,"_monsterinsights_sitenote_active":false,"_monsterinsights_sitenote_note":"","_monsterinsights_sitenote_category":0},"product_brand":[],"product_cat":[168,15,24,26],"product_tag":[115,160,113,227,217,233,413],"class_list":{"0":"post-3443","1":"product","2":"type-product","3":"status-publish","4":"has-post-thumbnail","6":"product_cat-mystery-parties","7":"product_cat-dinner-mystery","8":"product_cat-non-murder","9":"product_cat-kids-teens","10":"product_tag-teens","11":"product_tag-kids","12":"product_tag-non-murder-mystery","13":"product_tag-8-30-players","14":"product_tag-easy","15":"product_tag-cruising","16":"product_tag-in-person-mystery","18":"first","19":"instock","20":"featured","21":"downloadable","22":"virtual","23":"taxable","24":"purchasable","25":"product-type-simple"},"aioseo_notices":[],"_links":{"self":[{"href":"https:\/\/www.mmmysterygames.com\/hr\/wp-json\/wp\/v2\/product\/3443","targetHints":{"allow":["GET"]}}],"collection":[{"href":"https:\/\/www.mmmysterygames.com\/hr\/wp-json\/wp\/v2\/product"}],"about":[{"href":"https:\/\/www.mmmysterygames.com\/hr\/wp-json\/wp\/v2\/types\/product"}],"version-history":[{"count":22,"href":"https:\/\/www.mmmysterygames.com\/hr\/wp-json\/wp\/v2\/product\/3443\/revisions"}],"predecessor-version":[{"id":7079,"href":"https:\/\/www.mmmysterygames.com\/hr\/wp-json\/wp\/v2\/product\/3443\/revisions\/7079"}],"wp:featuredmedia":[{"embeddable":true,"href":"https:\/\/www.mmmysterygames.com\/hr\/wp-json\/wp\/v2\/media\/3417"}],"wp:attachment":[{"href":"https:\/\/www.mmmysterygames.com\/hr\/wp-json\/wp\/v2\/media?parent=3443"}],"wp:term":[{"taxonomy":"product_brand","embeddable":true,"href":"https:\/\/www.mmmysterygames.com\/hr\/wp-json\/wp\/v2\/product_brand?post=3443"},{"taxonomy":"product_cat","embeddable":true,"href":"https:\/\/www.mmmysterygames.com\/hr\/wp-json\/wp\/v2\/product_cat?post=3443"},{"taxonomy":"product_tag","embeddable":true,"href":"https:\/\/www.mmmysterygames.com\/hr\/wp-json\/wp\/v2\/product_tag?post=3443"}],"curies":[{"name":"wp","href":"https:\/\/api.w.org\/{rel}","templated":true}]}}